{"id":86,"date":"2020-10-02T15:08:00","date_gmt":"2020-10-02T13:08:00","guid":{"rendered":"https:\/\/sps.k\u00fci.ee\/index.php\/?page_id=86"},"modified":"2020-10-17T07:51:30","modified_gmt":"2020-10-17T05:51:30","slug":"soe-jutt","status":"publish","type":"page","link":"https:\/\/xn--srvemaa-90a.ee\/index.php\/sps\/soe-jutt\/","title":{"rendered":"Soe Jutt"},"content":{"rendered":"\n<p><strong>Eest veab Tammeougu Oliver<\/strong><\/p>\n\n\n\n<p>Meeste kooslaulmine. Ilma pillideta. <\/p>\n\n\n\n<p>Repertuaar koosneb regilauludest ja l\u00f5ppriimilistest rahvalauludest \u00fcle Eesti, laulmisele tulevad nii S\u00f5rve auklaulud, Kodavere naistelaulud kui Setu meestelaulud. <\/p>\n\n\n\n<p>Otsime autentsust kooslaulmise sisus: millal, mis tundega, kui musikaalselt ja misjaoks on mehed ajalooliselt koos laulnud.\u00a0<\/p>\n\n\n\n<p>Pildi tegi Anu Lepik<\/p>\n\n\n\n<p>info@sorvemaa.ee<\/p>\n","protected":false},"excerpt":{"rendered":"<p>Soe Jutt on see tunne mida tunned k\u00fclmal talvehommikul kohvet juues. Soe Jutt on Ullu Undi jutt. V\u00f5i siis ka muidu hull jutt.<br \/>\nSoe jutt on meeste (regi)laulu punt.<\/p>\n","protected":false},"author":3,"featured_media":225,"parent":30,"menu_order":0,"comment_status":"closed","ping_status":"closed","template":"","meta":{"_acf_changed":false,"footnotes":""},"class_list":["post-86","page","type-page","status-publish","has-post-thumbnail","hentry"],"acf":[],"aioseo_notices":[],"_links":{"self":[{"href":"https:\/\/xn--srvemaa-90a.ee\/index.php\/wp-json\/wp\/v2\/pages\/86","targetHints":{"allow":["GET"]}}],"collection":[{"href":"https:\/\/xn--srvemaa-90a.ee\/index.php\/wp-json\/wp\/v2\/pages"}],"about":[{"href":"https:\/\/xn--srvemaa-90a.ee\/index.php\/wp-json\/wp\/v2\/types\/page"}],"author":[{"embeddable":true,"href":"https:\/\/xn--srvemaa-90a.ee\/index.php\/wp-json\/wp\/v2\/users\/3"}],"replies":[{"embeddable":true,"href":"https:\/\/xn--srvemaa-90a.ee\/index.php\/wp-json\/wp\/v2\/comments?post=86"}],"version-history":[{"count":7,"href":"https:\/\/xn--srvemaa-90a.ee\/index.php\/wp-json\/wp\/v2\/pages\/86\/revisions"}],"predecessor-version":[{"id":3217,"href":"https:\/\/xn--srvemaa-90a.ee\/index.php\/wp-json\/wp\/v2\/pages\/86\/revisions\/3217"}],"up":[{"embeddable":true,"href":"https:\/\/xn--srvemaa-90a.ee\/index.php\/wp-json\/wp\/v2\/pages\/30"}],"wp:featuredmedia":[{"embeddable":true,"href":"https:\/\/xn--srvemaa-90a.ee\/index.php\/wp-json\/wp\/v2\/media\/225"}],"wp:attachment":[{"href":"https:\/\/xn--srvemaa-90a.ee\/index.php\/wp-json\/wp\/v2\/media?parent=86"}],"curies":[{"name":"wp","href":"https:\/\/api.w.org\/{rel}","templated":true}]}}