{"id":85,"date":"2021-12-03T15:08:00","date_gmt":"2021-12-03T13:08:00","guid":{"rendered":"https:\/\/sps.k\u00fci.ee\/index.php\/?page_id=85"},"modified":"2022-11-25T13:26:44","modified_gmt":"2022-11-25T11:26:44","slug":"raadio","status":"publish","type":"page","link":"https:\/\/xn--srvemaa-90a.ee\/index.php\/sps\/raadio\/","title":{"rendered":"S\u00f6rulaste Raadiu"},"content":{"rendered":"<p style=\"text-align: center;\"><\/p>\n\n\n<p>S\u00f6rulaste Raadiu saadetes r\u00e4\u00e4gime S\u00f5rvemaal toimuvatest s\u00fcndmustest, p\u00f5nevatest paikadest ja toredatest inimestest s\u00f5rve keeles. Teisekorra satub saatesse m\u00f5ni uudis ka.<\/p>\n\n\n\n<p>Anna meitel t\u00e4\u00e4da s\u00f5rulaste jaoks olulistest inimestest, paikadest ning laiemat tuntust v\u00e4\u00e4rivatest ettev\u00f5tmistest aadressil info@sorvemaa.ee!<\/p>\n\n\n\n<p><\/p>\n\n\n\n<p class=\"has-text-align-center has-text-color has-normal-font-size\" style=\"color:#ba1c29\"><strong><a href=\"https:\/\/vikerraadio.err.ee\/1608798445\/sorvekeelsed-uudised\" target=\"_blank\" rel=\"noreferrer noopener\">Kuula \u201c<em>S\u00f6rvekeeltsed uudised<\/em>\u201d Vikerraadio eetrist igal kolmandal kolmap\u00e4eval kell 18.45\u00a0<\/a><\/strong><\/p>\n\n\n\n<p class=\"has-text-align-center has-text-color has-normal-font-size\" style=\"color:#b91d2a\"><a href=\"https:\/\/vikerraadio.err.ee\/1608798445\/sorvekeelsed-uudised\" target=\"_blank\" rel=\"noreferrer noopener\"><strong>ERR Vikerraadio arhiivist<\/strong><\/a><br><strong>ning m\u00f5ne aja p\u00e4rast ka <a href=\"https:\/\/xn--srvemaa-90a.ee\/category\/souke-sorvemaa\/sorvekeelsed-uudised\/\" target=\"_blank\" rel=\"noreferrer noopener\">meite v\u00f5rgulehel s\u00f6rvemaa.ee<\/a><\/strong><\/p>\n\n\n\n<hr class=\"wp-block-separator has-css-opacity\"\/>\n\n\n\n<p><strong>S\u00f6rulaste Raadiumi meeskond 2022\/2023 aastal<\/strong><\/p>\n\n\n\n<p>Tammeougu Mari &#8211; juhib ja korraldab, kirjutab, loeb, t\u00f5lgib, salvestab, pildistab, juhendab, jutustab ja toimetab.<br>Tammeougu Olku &#8211; korraldab, pildistab, salvestab, aitab, s\u00f5idab, kirjutab ja arutab.<br>Timmi Helle &#8211; jutustab, arutab, kirjutab, loeb, pildistab ja m\u00f5istab eriti kenasti s\u00f5rve keelt.<br>Tammeniidi Margus &#8211; juhendab, monteerib, toimetab, arutab, ajab asja ja silub helifaile.<br>Laasu Ainika &#8211; pildistab, helistab, kujundab ja arutab.<br>Tammeougu Liisi, Triin, P\u00e4\u00e4su ja Auli &#8211; loevad ja pildistavad.<br>Koolielu Kaire, Salu Epp, Popi Mari ja Vipi Kaupo &#8211; hoiavad Taga-S\u00f5rve s\u00fcndmustel silma peal.<\/p>\n\n\n\n<hr class=\"wp-block-separator has-css-opacity\"\/>\n\n\n\n<p><\/p>\n\n\n\n<figure class=\"wp-block-gallery has-nested-images columns-5 is-cropped wp-block-gallery-1 is-layout-flex wp-block-gallery-is-layout-flex\">\n<figure class=\"wp-block-image size-large\"><img fetchpriority=\"high\" decoding=\"async\" width=\"665\" height=\"961\" data-id=\"4293\" src=\"https:\/\/xn--srvemaa-90a.ee\/wp-content\/uploads\/2021\/12\/2016-Timmi-Helle.jpg\" alt=\"\" class=\"wp-image-4293\" srcset=\"https:\/\/xn--srvemaa-90a.ee\/wp-content\/uploads\/2021\/12\/2016-Timmi-Helle.jpg 665w, https:\/\/xn--srvemaa-90a.ee\/wp-content\/uploads\/2021\/12\/2016-Timmi-Helle-208x300.jpg 208w, https:\/\/xn--srvemaa-90a.ee\/wp-content\/uploads\/2021\/12\/2016-Timmi-Helle-400x578.jpg 400w\" sizes=\"(max-width: 665px) 100vw, 665px\" \/><figcaption>Timmi Helle<\/figcaption><\/figure>\n\n\n\n<figure class=\"wp-block-image size-large\"><img decoding=\"async\" width=\"506\" height=\"730\" data-id=\"4303\" data-src=\"https:\/\/xn--srvemaa-90a.ee\/wp-content\/uploads\/2021\/12\/2018-Tammeniidi-Margus.jpg\" alt=\"\" class=\"wp-image-4303 lazyload\" data-srcset=\"https:\/\/xn--srvemaa-90a.ee\/wp-content\/uploads\/2021\/12\/2018-Tammeniidi-Margus.jpg 506w, https:\/\/xn--srvemaa-90a.ee\/wp-content\/uploads\/2021\/12\/2018-Tammeniidi-Margus-208x300.jpg 208w, https:\/\/xn--srvemaa-90a.ee\/wp-content\/uploads\/2021\/12\/2018-Tammeniidi-Margus-400x577.jpg 400w\" data-sizes=\"(max-width: 506px) 100vw, 506px\" src=\"data:image\/gif;base64,R0lGODlhAQABAAAAACH5BAEKAAEALAAAAAABAAEAAAICTAEAOw==\" style=\"--smush-placeholder-width: 506px; --smush-placeholder-aspect-ratio: 506\/730;\" \/><figcaption>Tammeniidi Margus<\/figcaption><\/figure>\n\n\n\n<figure class=\"wp-block-image size-large\"><img decoding=\"async\" width=\"707\" height=\"1024\" data-id=\"4291\" data-src=\"http:\/\/xn--srvemaa-90a.ee\/wp-content\/uploads\/2021\/12\/2021-Laasu-Ainika-707x1024.jpg\" alt=\"\" class=\"wp-image-4291 lazyload\" data-srcset=\"https:\/\/xn--srvemaa-90a.ee\/wp-content\/uploads\/2021\/12\/2021-Laasu-Ainika-707x1024.jpg 707w, https:\/\/xn--srvemaa-90a.ee\/wp-content\/uploads\/2021\/12\/2021-Laasu-Ainika-207x300.jpg 207w, https:\/\/xn--srvemaa-90a.ee\/wp-content\/uploads\/2021\/12\/2021-Laasu-Ainika-768x1112.jpg 768w, https:\/\/xn--srvemaa-90a.ee\/wp-content\/uploads\/2021\/12\/2021-Laasu-Ainika-1061x1536.jpg 1061w, https:\/\/xn--srvemaa-90a.ee\/wp-content\/uploads\/2021\/12\/2021-Laasu-Ainika-995x1440.jpg 995w, https:\/\/xn--srvemaa-90a.ee\/wp-content\/uploads\/2021\/12\/2021-Laasu-Ainika-400x579.jpg 400w, https:\/\/xn--srvemaa-90a.ee\/wp-content\/uploads\/2021\/12\/2021-Laasu-Ainika.jpg 1105w\" data-sizes=\"(max-width: 707px) 100vw, 707px\" src=\"data:image\/gif;base64,R0lGODlhAQABAAAAACH5BAEKAAEALAAAAAABAAEAAAICTAEAOw==\" style=\"--smush-placeholder-width: 707px; --smush-placeholder-aspect-ratio: 707\/1024;\" \/><figcaption>Laasu Ainika<\/figcaption><\/figure>\n\n\n\n<figure class=\"wp-block-image size-large\"><img decoding=\"async\" width=\"709\" height=\"1024\" data-id=\"4286\" data-src=\"http:\/\/xn--srvemaa-90a.ee\/wp-content\/uploads\/2021\/12\/2021-Oliver-709x1024.jpg\" alt=\"\" class=\"wp-image-4286 lazyload\" data-srcset=\"https:\/\/xn--srvemaa-90a.ee\/wp-content\/uploads\/2021\/12\/2021-Oliver-709x1024.jpg 709w, https:\/\/xn--srvemaa-90a.ee\/wp-content\/uploads\/2021\/12\/2021-Oliver-208x300.jpg 208w, https:\/\/xn--srvemaa-90a.ee\/wp-content\/uploads\/2021\/12\/2021-Oliver-768x1109.jpg 768w, https:\/\/xn--srvemaa-90a.ee\/wp-content\/uploads\/2021\/12\/2021-Oliver-1064x1536.jpg 1064w, https:\/\/xn--srvemaa-90a.ee\/wp-content\/uploads\/2021\/12\/2021-Oliver-997x1440.jpg 997w, https:\/\/xn--srvemaa-90a.ee\/wp-content\/uploads\/2021\/12\/2021-Oliver-400x578.jpg 400w, https:\/\/xn--srvemaa-90a.ee\/wp-content\/uploads\/2021\/12\/2021-Oliver.jpg 1108w\" data-sizes=\"(max-width: 709px) 100vw, 709px\" src=\"data:image\/gif;base64,R0lGODlhAQABAAAAACH5BAEKAAEALAAAAAABAAEAAAICTAEAOw==\" style=\"--smush-placeholder-width: 709px; --smush-placeholder-aspect-ratio: 709\/1024;\" \/><figcaption>Tammeougu Oliver<\/figcaption><\/figure>\n\n\n\n<figure class=\"wp-block-image size-large\"><img decoding=\"async\" width=\"549\" height=\"791\" data-id=\"4304\" data-src=\"https:\/\/xn--srvemaa-90a.ee\/wp-content\/uploads\/2021\/12\/2016-Koolielu-Kaire-ja-Tammeougu-Mari.jpg\" alt=\"\" class=\"wp-image-4304 lazyload\" data-srcset=\"https:\/\/xn--srvemaa-90a.ee\/wp-content\/uploads\/2021\/12\/2016-Koolielu-Kaire-ja-Tammeougu-Mari.jpg 549w, https:\/\/xn--srvemaa-90a.ee\/wp-content\/uploads\/2021\/12\/2016-Koolielu-Kaire-ja-Tammeougu-Mari-208x300.jpg 208w, https:\/\/xn--srvemaa-90a.ee\/wp-content\/uploads\/2021\/12\/2016-Koolielu-Kaire-ja-Tammeougu-Mari-400x576.jpg 400w\" data-sizes=\"(max-width: 549px) 100vw, 549px\" src=\"data:image\/gif;base64,R0lGODlhAQABAAAAACH5BAEKAAEALAAAAAABAAEAAAICTAEAOw==\" style=\"--smush-placeholder-width: 549px; --smush-placeholder-aspect-ratio: 549\/791;\" \/><figcaption>Koolielu Kaire ja Tammeougu Mari<\/figcaption><\/figure>\n\n\n\n<figure class=\"wp-block-image size-large\"><img decoding=\"async\" width=\"709\" height=\"1024\" data-id=\"4289\" data-src=\"http:\/\/xn--srvemaa-90a.ee\/wp-content\/uploads\/2021\/12\/2021-Liisi-709x1024.jpg\" alt=\"\" class=\"wp-image-4289 lazyload\" data-srcset=\"https:\/\/xn--srvemaa-90a.ee\/wp-content\/uploads\/2021\/12\/2021-Liisi-709x1024.jpg 709w, https:\/\/xn--srvemaa-90a.ee\/wp-content\/uploads\/2021\/12\/2021-Liisi-208x300.jpg 208w, https:\/\/xn--srvemaa-90a.ee\/wp-content\/uploads\/2021\/12\/2021-Liisi-768x1109.jpg 768w, https:\/\/xn--srvemaa-90a.ee\/wp-content\/uploads\/2021\/12\/2021-Liisi-1064x1536.jpg 1064w, https:\/\/xn--srvemaa-90a.ee\/wp-content\/uploads\/2021\/12\/2021-Liisi-997x1440.jpg 997w, https:\/\/xn--srvemaa-90a.ee\/wp-content\/uploads\/2021\/12\/2021-Liisi-400x578.jpg 400w, https:\/\/xn--srvemaa-90a.ee\/wp-content\/uploads\/2021\/12\/2021-Liisi.jpg 1108w\" data-sizes=\"(max-width: 709px) 100vw, 709px\" src=\"data:image\/gif;base64,R0lGODlhAQABAAAAACH5BAEKAAEALAAAAAABAAEAAAICTAEAOw==\" style=\"--smush-placeholder-width: 709px; --smush-placeholder-aspect-ratio: 709\/1024;\" \/><figcaption>Tammeougu Liisi<\/figcaption><\/figure>\n\n\n\n<figure class=\"wp-block-image size-large\"><img decoding=\"async\" width=\"710\" height=\"1024\" data-id=\"4288\" data-src=\"http:\/\/xn--srvemaa-90a.ee\/wp-content\/uploads\/2021\/12\/2021-Paasu-710x1024.jpg\" alt=\"\" class=\"wp-image-4288 lazyload\" data-srcset=\"https:\/\/xn--srvemaa-90a.ee\/wp-content\/uploads\/2021\/12\/2021-Paasu-710x1024.jpg 710w, https:\/\/xn--srvemaa-90a.ee\/wp-content\/uploads\/2021\/12\/2021-Paasu-208x300.jpg 208w, https:\/\/xn--srvemaa-90a.ee\/wp-content\/uploads\/2021\/12\/2021-Paasu-768x1108.jpg 768w, https:\/\/xn--srvemaa-90a.ee\/wp-content\/uploads\/2021\/12\/2021-Paasu-1065x1536.jpg 1065w, https:\/\/xn--srvemaa-90a.ee\/wp-content\/uploads\/2021\/12\/2021-Paasu-998x1440.jpg 998w, https:\/\/xn--srvemaa-90a.ee\/wp-content\/uploads\/2021\/12\/2021-Paasu-400x577.jpg 400w, https:\/\/xn--srvemaa-90a.ee\/wp-content\/uploads\/2021\/12\/2021-Paasu.jpg 1109w\" data-sizes=\"(max-width: 710px) 100vw, 710px\" src=\"data:image\/gif;base64,R0lGODlhAQABAAAAACH5BAEKAAEALAAAAAABAAEAAAICTAEAOw==\" style=\"--smush-placeholder-width: 710px; --smush-placeholder-aspect-ratio: 710\/1024;\" \/><figcaption>Tammeougu P\u00e4\u00e4su<\/figcaption><\/figure>\n\n\n\n<figure class=\"wp-block-image size-large\"><img decoding=\"async\" width=\"708\" height=\"1024\" data-id=\"4287\" data-src=\"http:\/\/xn--srvemaa-90a.ee\/wp-content\/uploads\/2021\/12\/2021-Auli-708x1024.jpg\" alt=\"\" class=\"wp-image-4287 lazyload\" data-srcset=\"https:\/\/xn--srvemaa-90a.ee\/wp-content\/uploads\/2021\/12\/2021-Auli-708x1024.jpg 708w, https:\/\/xn--srvemaa-90a.ee\/wp-content\/uploads\/2021\/12\/2021-Auli-207x300.jpg 207w, https:\/\/xn--srvemaa-90a.ee\/wp-content\/uploads\/2021\/12\/2021-Auli-768x1111.jpg 768w, https:\/\/xn--srvemaa-90a.ee\/wp-content\/uploads\/2021\/12\/2021-Auli-1062x1536.jpg 1062w, https:\/\/xn--srvemaa-90a.ee\/wp-content\/uploads\/2021\/12\/2021-Auli-995x1440.jpg 995w, https:\/\/xn--srvemaa-90a.ee\/wp-content\/uploads\/2021\/12\/2021-Auli-400x579.jpg 400w, https:\/\/xn--srvemaa-90a.ee\/wp-content\/uploads\/2021\/12\/2021-Auli.jpg 1106w\" data-sizes=\"(max-width: 708px) 100vw, 708px\" src=\"data:image\/gif;base64,R0lGODlhAQABAAAAACH5BAEKAAEALAAAAAABAAEAAAICTAEAOw==\" style=\"--smush-placeholder-width: 708px; --smush-placeholder-aspect-ratio: 708\/1024;\" \/><figcaption>Tammeougu Auli<\/figcaption><\/figure>\n\n\n\n<figure class=\"wp-block-image size-large\"><img decoding=\"async\" width=\"708\" height=\"1024\" data-id=\"4290\" data-src=\"http:\/\/xn--srvemaa-90a.ee\/wp-content\/uploads\/2021\/12\/2021-Triin-708x1024.jpg\" alt=\"\" class=\"wp-image-4290 lazyload\" data-srcset=\"https:\/\/xn--srvemaa-90a.ee\/wp-content\/uploads\/2021\/12\/2021-Triin-708x1024.jpg 708w, https:\/\/xn--srvemaa-90a.ee\/wp-content\/uploads\/2021\/12\/2021-Triin-208x300.jpg 208w, https:\/\/xn--srvemaa-90a.ee\/wp-content\/uploads\/2021\/12\/2021-Triin-768x1110.jpg 768w, https:\/\/xn--srvemaa-90a.ee\/wp-content\/uploads\/2021\/12\/2021-Triin-1063x1536.jpg 1063w, https:\/\/xn--srvemaa-90a.ee\/wp-content\/uploads\/2021\/12\/2021-Triin-996x1440.jpg 996w, https:\/\/xn--srvemaa-90a.ee\/wp-content\/uploads\/2021\/12\/2021-Triin-400x578.jpg 400w, https:\/\/xn--srvemaa-90a.ee\/wp-content\/uploads\/2021\/12\/2021-Triin.jpg 1107w\" data-sizes=\"(max-width: 708px) 100vw, 708px\" src=\"data:image\/gif;base64,R0lGODlhAQABAAAAACH5BAEKAAEALAAAAAABAAEAAAICTAEAOw==\" style=\"--smush-placeholder-width: 708px; --smush-placeholder-aspect-ratio: 708\/1024;\" \/><figcaption>Tammeougu Triin<\/figcaption><\/figure>\n<\/figure>\n\n\n\n<hr class=\"wp-block-separator has-css-opacity\"\/>\n\n\n\n<p>Projekti \u201cS\u00f5rvekeelse raadiosaate tegemine&#8221; toetavad Rahvakultuuri Keskuse kultuuriprogramm <a href=\"https:\/\/rahvakultuur.ee\/toetused\/toetusmeetmed\/saarte-parimuskultuuri-toetamine\/\" target=\"_blank\" rel=\"noreferrer noopener\">&#8220;Saarte p\u00e4rimuskultuuri toetamine&#8221;<\/a>, Saaremaa vald ja MT\u00dc S\u00f6rvemaa P\u00e4rimuse Selts. Meie koost\u00f6\u00f6partner on Eesti Rahvusringh\u00e4\u00e4ling ja Vikerraadio meeskond.<\/p>\n\n\n\n<figure class=\"wp-block-gallery has-nested-images columns-default wp-block-gallery-2 is-layout-flex wp-block-gallery-is-layout-flex\">\n<figure class=\"wp-block-image size-medium\"><img decoding=\"async\" width=\"300\" height=\"25\" data-id=\"4299\" data-src=\"https:\/\/xn--srvemaa-90a.ee\/wp-content\/uploads\/2021\/12\/ERK_uhesreas_EST-300x25.png\" alt=\"\" class=\"wp-image-4299 lazyload\" data-srcset=\"https:\/\/xn--srvemaa-90a.ee\/wp-content\/uploads\/2021\/12\/ERK_uhesreas_EST-300x25.png 300w, https:\/\/xn--srvemaa-90a.ee\/wp-content\/uploads\/2021\/12\/ERK_uhesreas_EST-1024x87.png 1024w, https:\/\/xn--srvemaa-90a.ee\/wp-content\/uploads\/2021\/12\/ERK_uhesreas_EST-768x65.png 768w, https:\/\/xn--srvemaa-90a.ee\/wp-content\/uploads\/2021\/12\/ERK_uhesreas_EST-1536x131.png 1536w, https:\/\/xn--srvemaa-90a.ee\/wp-content\/uploads\/2021\/12\/ERK_uhesreas_EST-2048x174.png 2048w, https:\/\/xn--srvemaa-90a.ee\/wp-content\/uploads\/2021\/12\/ERK_uhesreas_EST-1440x122.png 1440w, https:\/\/xn--srvemaa-90a.ee\/wp-content\/uploads\/2021\/12\/ERK_uhesreas_EST-400x34.png 400w\" data-sizes=\"(max-width: 300px) 100vw, 300px\" src=\"data:image\/gif;base64,R0lGODlhAQABAAAAACH5BAEKAAEALAAAAAABAAEAAAICTAEAOw==\" style=\"--smush-placeholder-width: 300px; --smush-placeholder-aspect-ratio: 300\/25;\" \/><\/figure>\n\n\n\n<figure class=\"wp-block-image size-medium\"><img decoding=\"async\" width=\"300\" height=\"120\" data-id=\"4296\" data-src=\"https:\/\/xn--srvemaa-90a.ee\/wp-content\/uploads\/2021\/12\/kultuurimin_3lovi_est-300x120.jpg\" alt=\"\" class=\"wp-image-4296 lazyload\" data-srcset=\"https:\/\/xn--srvemaa-90a.ee\/wp-content\/uploads\/2021\/12\/kultuurimin_3lovi_est-300x120.jpg 300w, https:\/\/xn--srvemaa-90a.ee\/wp-content\/uploads\/2021\/12\/kultuurimin_3lovi_est-1024x410.jpg 1024w, https:\/\/xn--srvemaa-90a.ee\/wp-content\/uploads\/2021\/12\/kultuurimin_3lovi_est-768x307.jpg 768w, https:\/\/xn--srvemaa-90a.ee\/wp-content\/uploads\/2021\/12\/kultuurimin_3lovi_est-1536x614.jpg 1536w, https:\/\/xn--srvemaa-90a.ee\/wp-content\/uploads\/2021\/12\/kultuurimin_3lovi_est-1440x576.jpg 1440w, https:\/\/xn--srvemaa-90a.ee\/wp-content\/uploads\/2021\/12\/kultuurimin_3lovi_est-400x160.jpg 400w, https:\/\/xn--srvemaa-90a.ee\/wp-content\/uploads\/2021\/12\/kultuurimin_3lovi_est.jpg 1890w\" data-sizes=\"(max-width: 300px) 100vw, 300px\" src=\"data:image\/gif;base64,R0lGODlhAQABAAAAACH5BAEKAAEALAAAAAABAAEAAAICTAEAOw==\" style=\"--smush-placeholder-width: 300px; --smush-placeholder-aspect-ratio: 300\/120;\" \/><\/figure>\n\n\n\n<figure class=\"wp-block-image size-medium\"><img decoding=\"async\" width=\"300\" height=\"66\" data-id=\"4298\" data-src=\"https:\/\/xn--srvemaa-90a.ee\/wp-content\/uploads\/2021\/12\/saaremaavald_logo-300x66.png\" alt=\"\" class=\"wp-image-4298 lazyload\" data-srcset=\"https:\/\/xn--srvemaa-90a.ee\/wp-content\/uploads\/2021\/12\/saaremaavald_logo-300x66.png 300w, https:\/\/xn--srvemaa-90a.ee\/wp-content\/uploads\/2021\/12\/saaremaavald_logo.png 399w\" data-sizes=\"(max-width: 300px) 100vw, 300px\" src=\"data:image\/gif;base64,R0lGODlhAQABAAAAACH5BAEKAAEALAAAAAABAAEAAAICTAEAOw==\" style=\"--smush-placeholder-width: 300px; --smush-placeholder-aspect-ratio: 300\/66;\" \/><\/figure>\n<\/figure>\n\n\n\n<hr class=\"wp-block-separator has-css-opacity\"\/>\n\n\n\n<p class=\"has-text-align-center has-large-font-size\"><strong><em>Att\u00e4h<\/em> <em>keikidele <\/em>abilistele!<\/strong><\/p>\n\n\n\n<hr class=\"wp-block-separator has-css-opacity\"\/>\n\n\n\n<p><a href=\"https:\/\/arhiiv.err.ee\/seeria\/sorvekeelsed-uudised\/uudised\/\">ERR arhiivi saateid kuulama<\/a><\/p>\n\n\n\n<p><a href=\"https:\/\/s\u00f6rvemaa.ee\/category\/souke-sorvemaa\/sorvekeelsed-uudised\/\">Meie v\u00f5rgulehele saateid kuulama<\/a><\/p>\n\n\n\n<p><\/p>\n","protected":false},"excerpt":{"rendered":"<p>S\u00f6rulaste Raadiu meeskond<\/p>\n","protected":false},"author":7,"featured_media":137,"parent":30,"menu_order":0,"comment_status":"closed","ping_status":"closed","template":"","meta":{"_acf_changed":false,"footnotes":""},"class_list":["post-85","page","type-page","status-publish","has-post-thumbnail","hentry"],"acf":[],"aioseo_notices":[],"_links":{"self":[{"href":"https:\/\/xn--srvemaa-90a.ee\/index.php\/wp-json\/wp\/v2\/pages\/85","targetHints":{"allow":["GET"]}}],"collection":[{"href":"https:\/\/xn--srvemaa-90a.ee\/index.php\/wp-json\/wp\/v2\/pages"}],"about":[{"href":"https:\/\/xn--srvemaa-90a.ee\/index.php\/wp-json\/wp\/v2\/types\/page"}],"author":[{"embeddable":true,"href":"https:\/\/xn--srvemaa-90a.ee\/index.php\/wp-json\/wp\/v2\/users\/7"}],"replies":[{"embeddable":true,"href":"https:\/\/xn--srvemaa-90a.ee\/index.php\/wp-json\/wp\/v2\/comments?post=85"}],"version-history":[{"count":29,"href":"https:\/\/xn--srvemaa-90a.ee\/index.php\/wp-json\/wp\/v2\/pages\/85\/revisions"}],"predecessor-version":[{"id":5288,"href":"https:\/\/xn--srvemaa-90a.ee\/index.php\/wp-json\/wp\/v2\/pages\/85\/revisions\/5288"}],"up":[{"embeddable":true,"href":"https:\/\/xn--srvemaa-90a.ee\/index.php\/wp-json\/wp\/v2\/pages\/30"}],"wp:featuredmedia":[{"embeddable":true,"href":"https:\/\/xn--srvemaa-90a.ee\/index.php\/wp-json\/wp\/v2\/media\/137"}],"wp:attachment":[{"href":"https:\/\/xn--srvemaa-90a.ee\/index.php\/wp-json\/wp\/v2\/media?parent=85"}],"curies":[{"name":"wp","href":"https:\/\/api.w.org\/{rel}","templated":true}]}}