{"id":5723,"date":"2023-04-05T21:13:55","date_gmt":"2023-04-05T19:13:55","guid":{"rendered":"https:\/\/xn--srvemaa-90a.ee\/index.php\/?page_id=5723"},"modified":"2025-09-28T17:44:34","modified_gmt":"2025-09-28T15:44:34","slug":"parimustantsuring","status":"publish","type":"page","link":"https:\/\/xn--srvemaa-90a.ee\/index.php\/sps\/parimustantsuring\/","title":{"rendered":"P\u00e4rimustantsuring"},"content":{"rendered":"\n<p>P\u00e4rimustantsuringis tantsime vanu seltskonnatantse, \u00f5pime nippe ja trikke paaristantsus, arendame improvisatsioonioskust ja kehatunnetust p\u00e4rimuslikus (paaris)tantsus ja igap\u00e4evaelus. Muuhulgas taaselustame Saaremaal tantsitud tantse ja tantsuvariante, milles teeme tihedat koost\u00f6\u00f6d <a href=\"https:\/\/xn--srvemaa-90a.ee\/sps\/sorvemaa-sormitsejad\/\" target=\"_blank\" rel=\"noreferrer noopener\">S\u00f6rvemaa S\u00f6rmitsejatega<\/a>. Samas v\u00f5tame vahel sekka ka m\u00f5ned v\u00e4lismaa tantsusammud.<\/p>\n\n\n\n<p>Osaleme <a href=\"https:\/\/xn--srvemaa-90a.ee\/sps\/tansiohtad\/\" target=\"_blank\" rel=\"noreferrer noopener\">Saaremaa tansi\u00f6htatel<\/a> ning teistel p\u00e4rimusmuusikas\u00fcndmustel koos teiste <a href=\"https:\/\/xn--srvemaa-90a.ee\/sps\/\" target=\"_blank\" rel=\"noreferrer noopener\">S\u00f6rvemaa P\u00e4rimuse Seltsi kollektiividega<\/a> (nt. Baltica).<\/p>\n\n\n\n<p>P\u00e4rimustantsuring k\u00e4ib koos <strong>kaks korda kuus reedeti kell 18:15 Kuressaare muusikakooli kammersaalis.<\/strong> Oodatud on k\u00f5ik tantsuhuvilised noored ja t\u00e4iskasvanud! V\u00f5ib tulla julgelt nii \u00fcksi kui ka paarilisega.<\/p>\n\n\n\n<p>Riietu nii, et saad vabalt liikuda. V\u00f5ta kaasa v\u00f5imlemismatt ning vahetusjalan\u00f5ud, millega on mugav tantsida. <\/p>\n\n\n\n<p>Juhendajaks on Laura Naagel.<\/p>\n\n\n\n<p>Kontakt: <a href=\"mailto:laura@sorvemaa.ee\">laura@sorvemaa.ee<\/a>,  +372 53300339.<\/p>\n\n\n\n<p>Oled v\u00e4ga oodatud!<\/p>\n\n\n\n<figure class=\"wp-block-gallery has-nested-images columns-default is-cropped wp-block-gallery-1 is-layout-flex wp-block-gallery-is-layout-flex\">\n<figure class=\"wp-block-image size-large\"><img fetchpriority=\"high\" decoding=\"async\" width=\"1024\" height=\"683\" data-id=\"8211\" src=\"https:\/\/xn--srvemaa-90a.ee\/wp-content\/uploads\/2025\/09\/DSC1584-1024x683.jpg\" alt=\"\" class=\"wp-image-8211\" srcset=\"https:\/\/xn--srvemaa-90a.ee\/wp-content\/uploads\/2025\/09\/DSC1584-1024x683.jpg 1024w, https:\/\/xn--srvemaa-90a.ee\/wp-content\/uploads\/2025\/09\/DSC1584-300x200.jpg 300w, https:\/\/xn--srvemaa-90a.ee\/wp-content\/uploads\/2025\/09\/DSC1584-768x512.jpg 768w, https:\/\/xn--srvemaa-90a.ee\/wp-content\/uploads\/2025\/09\/DSC1584-1536x1024.jpg 1536w, https:\/\/xn--srvemaa-90a.ee\/wp-content\/uploads\/2025\/09\/DSC1584-1440x960.jpg 1440w, https:\/\/xn--srvemaa-90a.ee\/wp-content\/uploads\/2025\/09\/DSC1584-400x267.jpg 400w, https:\/\/xn--srvemaa-90a.ee\/wp-content\/uploads\/2025\/09\/DSC1584.jpg 2048w\" sizes=\"(max-width: 1024px) 100vw, 1024px\" \/><figcaption class=\"wp-element-caption\">Foto: Sigrid Osa<\/figcaption><\/figure>\n\n\n\n<figure class=\"wp-block-image size-large\"><img decoding=\"async\" width=\"1024\" height=\"683\" data-id=\"8209\" data-src=\"https:\/\/xn--srvemaa-90a.ee\/wp-content\/uploads\/2025\/09\/DSC1851-1024x683.jpg\" alt=\"\" class=\"wp-image-8209 lazyload\" data-srcset=\"https:\/\/xn--srvemaa-90a.ee\/wp-content\/uploads\/2025\/09\/DSC1851-1024x683.jpg 1024w, https:\/\/xn--srvemaa-90a.ee\/wp-content\/uploads\/2025\/09\/DSC1851-300x200.jpg 300w, https:\/\/xn--srvemaa-90a.ee\/wp-content\/uploads\/2025\/09\/DSC1851-768x512.jpg 768w, https:\/\/xn--srvemaa-90a.ee\/wp-content\/uploads\/2025\/09\/DSC1851-1536x1024.jpg 1536w, https:\/\/xn--srvemaa-90a.ee\/wp-content\/uploads\/2025\/09\/DSC1851-1440x960.jpg 1440w, https:\/\/xn--srvemaa-90a.ee\/wp-content\/uploads\/2025\/09\/DSC1851-400x267.jpg 400w, https:\/\/xn--srvemaa-90a.ee\/wp-content\/uploads\/2025\/09\/DSC1851.jpg 2048w\" data-sizes=\"(max-width: 1024px) 100vw, 1024px\" src=\"data:image\/gif;base64,R0lGODlhAQABAAAAACH5BAEKAAEALAAAAAABAAEAAAICTAEAOw==\" style=\"--smush-placeholder-width: 1024px; --smush-placeholder-aspect-ratio: 1024\/683;\" \/><figcaption class=\"wp-element-caption\">Foto: Sigrid Osa<\/figcaption><\/figure>\n\n\n\n<figure class=\"wp-block-image size-large\"><img decoding=\"async\" width=\"1024\" height=\"683\" data-id=\"8210\" data-src=\"https:\/\/xn--srvemaa-90a.ee\/wp-content\/uploads\/2025\/09\/DSC1961-1024x683.jpg\" alt=\"\" class=\"wp-image-8210 lazyload\" data-srcset=\"https:\/\/xn--srvemaa-90a.ee\/wp-content\/uploads\/2025\/09\/DSC1961-1024x683.jpg 1024w, https:\/\/xn--srvemaa-90a.ee\/wp-content\/uploads\/2025\/09\/DSC1961-300x200.jpg 300w, https:\/\/xn--srvemaa-90a.ee\/wp-content\/uploads\/2025\/09\/DSC1961-768x512.jpg 768w, https:\/\/xn--srvemaa-90a.ee\/wp-content\/uploads\/2025\/09\/DSC1961-1536x1024.jpg 1536w, https:\/\/xn--srvemaa-90a.ee\/wp-content\/uploads\/2025\/09\/DSC1961-1440x960.jpg 1440w, https:\/\/xn--srvemaa-90a.ee\/wp-content\/uploads\/2025\/09\/DSC1961-400x267.jpg 400w, https:\/\/xn--srvemaa-90a.ee\/wp-content\/uploads\/2025\/09\/DSC1961.jpg 2048w\" data-sizes=\"(max-width: 1024px) 100vw, 1024px\" src=\"data:image\/gif;base64,R0lGODlhAQABAAAAACH5BAEKAAEALAAAAAABAAEAAAICTAEAOw==\" style=\"--smush-placeholder-width: 1024px; --smush-placeholder-aspect-ratio: 1024\/683;\" \/><figcaption class=\"wp-element-caption\">Foto: Sigrid Osa<\/figcaption><\/figure>\n\n\n\n<figure class=\"wp-block-image size-large\"><img decoding=\"async\" width=\"1024\" height=\"768\" data-id=\"8213\" data-src=\"https:\/\/xn--srvemaa-90a.ee\/wp-content\/uploads\/2025\/09\/20231025_190442-1024x768.jpg\" alt=\"\" class=\"wp-image-8213 lazyload\" data-srcset=\"https:\/\/xn--srvemaa-90a.ee\/wp-content\/uploads\/2025\/09\/20231025_190442-1024x768.jpg 1024w, https:\/\/xn--srvemaa-90a.ee\/wp-content\/uploads\/2025\/09\/20231025_190442-300x225.jpg 300w, https:\/\/xn--srvemaa-90a.ee\/wp-content\/uploads\/2025\/09\/20231025_190442-768x576.jpg 768w, https:\/\/xn--srvemaa-90a.ee\/wp-content\/uploads\/2025\/09\/20231025_190442-1536x1152.jpg 1536w, https:\/\/xn--srvemaa-90a.ee\/wp-content\/uploads\/2025\/09\/20231025_190442-2048x1536.jpg 2048w, https:\/\/xn--srvemaa-90a.ee\/wp-content\/uploads\/2025\/09\/20231025_190442-1440x1080.jpg 1440w, https:\/\/xn--srvemaa-90a.ee\/wp-content\/uploads\/2025\/09\/20231025_190442-400x300.jpg 400w\" data-sizes=\"(max-width: 1024px) 100vw, 1024px\" src=\"data:image\/gif;base64,R0lGODlhAQABAAAAACH5BAEKAAEALAAAAAABAAEAAAICTAEAOw==\" style=\"--smush-placeholder-width: 1024px; --smush-placeholder-aspect-ratio: 1024\/768;\" \/><figcaption class=\"wp-element-caption\">Foto: Tammeougu Mari<\/figcaption><\/figure>\n\n\n\n<figure class=\"wp-block-image size-large\"><img decoding=\"async\" width=\"1024\" height=\"768\" data-id=\"8214\" data-src=\"https:\/\/xn--srvemaa-90a.ee\/wp-content\/uploads\/2025\/09\/20230412_201550-1024x768.jpg\" alt=\"\" class=\"wp-image-8214 lazyload\" data-srcset=\"https:\/\/xn--srvemaa-90a.ee\/wp-content\/uploads\/2025\/09\/20230412_201550-1024x768.jpg 1024w, https:\/\/xn--srvemaa-90a.ee\/wp-content\/uploads\/2025\/09\/20230412_201550-300x225.jpg 300w, https:\/\/xn--srvemaa-90a.ee\/wp-content\/uploads\/2025\/09\/20230412_201550-768x576.jpg 768w, https:\/\/xn--srvemaa-90a.ee\/wp-content\/uploads\/2025\/09\/20230412_201550-1536x1152.jpg 1536w, https:\/\/xn--srvemaa-90a.ee\/wp-content\/uploads\/2025\/09\/20230412_201550-2048x1536.jpg 2048w, https:\/\/xn--srvemaa-90a.ee\/wp-content\/uploads\/2025\/09\/20230412_201550-1440x1080.jpg 1440w, https:\/\/xn--srvemaa-90a.ee\/wp-content\/uploads\/2025\/09\/20230412_201550-400x300.jpg 400w\" data-sizes=\"(max-width: 1024px) 100vw, 1024px\" src=\"data:image\/gif;base64,R0lGODlhAQABAAAAACH5BAEKAAEALAAAAAABAAEAAAICTAEAOw==\" style=\"--smush-placeholder-width: 1024px; --smush-placeholder-aspect-ratio: 1024\/768;\" \/><figcaption class=\"wp-element-caption\">Foto: Laura Naagel<\/figcaption><\/figure>\n\n\n\n<figure class=\"wp-block-image size-large\"><img decoding=\"async\" width=\"1024\" height=\"768\" data-id=\"8212\" data-src=\"https:\/\/xn--srvemaa-90a.ee\/wp-content\/uploads\/2025\/09\/received_1522324931953061-1024x768.jpeg\" alt=\"\" class=\"wp-image-8212 lazyload\" data-srcset=\"https:\/\/xn--srvemaa-90a.ee\/wp-content\/uploads\/2025\/09\/received_1522324931953061-1024x768.jpeg 1024w, https:\/\/xn--srvemaa-90a.ee\/wp-content\/uploads\/2025\/09\/received_1522324931953061-300x225.jpeg 300w, https:\/\/xn--srvemaa-90a.ee\/wp-content\/uploads\/2025\/09\/received_1522324931953061-768x576.jpeg 768w, https:\/\/xn--srvemaa-90a.ee\/wp-content\/uploads\/2025\/09\/received_1522324931953061-1536x1152.jpeg 1536w, https:\/\/xn--srvemaa-90a.ee\/wp-content\/uploads\/2025\/09\/received_1522324931953061-1440x1080.jpeg 1440w, https:\/\/xn--srvemaa-90a.ee\/wp-content\/uploads\/2025\/09\/received_1522324931953061-400x300.jpeg 400w, https:\/\/xn--srvemaa-90a.ee\/wp-content\/uploads\/2025\/09\/received_1522324931953061.jpeg 2048w\" data-sizes=\"(max-width: 1024px) 100vw, 1024px\" src=\"data:image\/gif;base64,R0lGODlhAQABAAAAACH5BAEKAAEALAAAAAABAAEAAAICTAEAOw==\" style=\"--smush-placeholder-width: 1024px; --smush-placeholder-aspect-ratio: 1024\/768;\" \/><figcaption class=\"wp-element-caption\">Foto: Uku Visnapuu<\/figcaption><\/figure>\n<\/figure>\n\n\n\n<p><\/p>\n","protected":false},"excerpt":{"rendered":"<p>P\u00e4rimustantsuringis tantsime vanu seltskonnatantse, \u00f5pime nippe ja trikke paaristantsus, arendame improvisatsioonioskust ja kehatunnetust p\u00e4rimuslikus (paaris)tantsus ja igap\u00e4evaelus. Muuhulgas taaselustame Saaremaal tantsitud tantse ja tantsuvariante, milles teeme tihedat koost\u00f6\u00f6d S\u00f6rvemaa S\u00f6rmitsejatega. Samas v\u00f5tame vahel sekka ka m\u00f5ned v\u00e4lismaa tantsusammud. Osaleme Saaremaa tansi\u00f6htatel ning teistel p\u00e4rimusmuusikas\u00fcndmustel koos teiste S\u00f6rvemaa P\u00e4rimuse Seltsi kollektiividega &hellip;<\/p>\n","protected":false},"author":10,"featured_media":6240,"parent":30,"menu_order":5,"comment_status":"closed","ping_status":"closed","template":"","meta":{"_acf_changed":false,"footnotes":""},"class_list":["post-5723","page","type-page","status-publish","has-post-thumbnail","hentry"],"acf":[],"aioseo_notices":[],"_links":{"self":[{"href":"https:\/\/xn--srvemaa-90a.ee\/index.php\/wp-json\/wp\/v2\/pages\/5723","targetHints":{"allow":["GET"]}}],"collection":[{"href":"https:\/\/xn--srvemaa-90a.ee\/index.php\/wp-json\/wp\/v2\/pages"}],"about":[{"href":"https:\/\/xn--srvemaa-90a.ee\/index.php\/wp-json\/wp\/v2\/types\/page"}],"author":[{"embeddable":true,"href":"https:\/\/xn--srvemaa-90a.ee\/index.php\/wp-json\/wp\/v2\/users\/10"}],"replies":[{"embeddable":true,"href":"https:\/\/xn--srvemaa-90a.ee\/index.php\/wp-json\/wp\/v2\/comments?post=5723"}],"version-history":[{"count":9,"href":"https:\/\/xn--srvemaa-90a.ee\/index.php\/wp-json\/wp\/v2\/pages\/5723\/revisions"}],"predecessor-version":[{"id":8216,"href":"https:\/\/xn--srvemaa-90a.ee\/index.php\/wp-json\/wp\/v2\/pages\/5723\/revisions\/8216"}],"up":[{"embeddable":true,"href":"https:\/\/xn--srvemaa-90a.ee\/index.php\/wp-json\/wp\/v2\/pages\/30"}],"wp:featuredmedia":[{"embeddable":true,"href":"https:\/\/xn--srvemaa-90a.ee\/index.php\/wp-json\/wp\/v2\/media\/6240"}],"wp:attachment":[{"href":"https:\/\/xn--srvemaa-90a.ee\/index.php\/wp-json\/wp\/v2\/media?parent=5723"}],"curies":[{"name":"wp","href":"https:\/\/api.w.org\/{rel}","templated":true}]}}