{"id":44,"date":"2021-11-02T12:35:00","date_gmt":"2021-11-02T10:35:00","guid":{"rendered":"http:\/\/sps.k\u00fci.ee\/?page_id=44"},"modified":"2022-10-16T08:04:10","modified_gmt":"2022-10-16T06:04:10","slug":"lastering","status":"publish","type":"page","link":"https:\/\/xn--srvemaa-90a.ee\/index.php\/sps\/lastering\/","title":{"rendered":"P\u00e4rimusring"},"content":{"rendered":"\n<h4 class=\"has-text-align-center wp-block-heading\">S\u00f5rve noorte ja laste p\u00e4rimusring sel hooajal puhkab!<\/h4>\n\n\n\n<hr class=\"wp-block-separator has-alpha-channel-opacity\"\/>\n\n\n\n<p>Eestvedaja <strong>Tammeougu Mari<\/strong>.<\/p>\n\n\n\n<p>P\u00e4rimusringis k\u00e4ib igas vanuses lapsi, pisititasid koos vanematega, koduseid musirulle, koolilapsi. Laulame regilaule ja lihtsalt lastelaule, tantsime, m\u00e4ngime ringm\u00e4nge, r\u00e4\u00e4gime s\u00f5rve kommetest, ajaloost. Vahel meisterdame, k\u00e4ime muuseumis ja \u00f5pime muid s\u00f5rve lastele tarvilikke toimetusi.<\/p>\n\n\n\n<p>P\u00e4rimusringis osaleja:<\/p>\n\n\n\n<ul class=\"wp-block-list\"><li>teab peot\u00e4it laule, mida kodus omaette laulda;<\/li><li>oskab nii tita kui t\u00e4iskasvanuga koos m\u00e4ngida;<\/li><li>kogub endasse julgust ja oskusi t\u00e4itsa \u00fcksi laulmiseks, tantsimiseks, teiste juhtimiseks;<\/li><li>arendab viisipidamist, r\u00fctmitunnetust ja r\u00fchmas liikumist;<\/li><li>saab lasteringis tuttavaks oma tulevaste koolikaaslastega;<\/li><li>m\u00e4ngib ringm\u00e4ngu nii kaua kuni k\u00f5ik on korra ringi sisse valitud.<\/li><\/ul>\n\n\n\n<div>&nbsp;<\/div>\n\n\n\n<div style=\"text-align: center;\"><span style=\"color: #993300;\"><strong>P\u00e4rimusring on aastal 2022\/2023 puhkusel!<\/strong><\/span><\/div>\n\n\n\n<div style=\"text-align: center;\"><span style=\"color: #993300;\"><strong>Kohtume koolivaheaja lastekolmap\u00e4evadel Ansek\u00fclas v\u00f5i m\u00f5nel muul toredal s\u00fcndmusel.<br>Koosm\u00e4ngimiseni!<\/strong><\/span><\/div>\n\n\n\n<figure class=\"wp-block-image size-large\"><img fetchpriority=\"high\" decoding=\"async\" width=\"1024\" height=\"768\" src=\"http:\/\/xn--srvemaa-90a.ee\/wp-content\/uploads\/2021\/09\/Tont-see-on-kes-uksi-jaab-1024x768.jpg\" alt=\"\" class=\"wp-image-4000\" srcset=\"https:\/\/xn--srvemaa-90a.ee\/wp-content\/uploads\/2021\/09\/Tont-see-on-kes-uksi-jaab-1024x768.jpg 1024w, https:\/\/xn--srvemaa-90a.ee\/wp-content\/uploads\/2021\/09\/Tont-see-on-kes-uksi-jaab-300x225.jpg 300w, https:\/\/xn--srvemaa-90a.ee\/wp-content\/uploads\/2021\/09\/Tont-see-on-kes-uksi-jaab-768x576.jpg 768w, https:\/\/xn--srvemaa-90a.ee\/wp-content\/uploads\/2021\/09\/Tont-see-on-kes-uksi-jaab-1536x1152.jpg 1536w, https:\/\/xn--srvemaa-90a.ee\/wp-content\/uploads\/2021\/09\/Tont-see-on-kes-uksi-jaab-1440x1080.jpg 1440w, https:\/\/xn--srvemaa-90a.ee\/wp-content\/uploads\/2021\/09\/Tont-see-on-kes-uksi-jaab-400x300.jpg 400w, https:\/\/xn--srvemaa-90a.ee\/wp-content\/uploads\/2021\/09\/Tont-see-on-kes-uksi-jaab.jpg 1600w\" sizes=\"(max-width: 1024px) 100vw, 1024px\" \/><\/figure>\n\n\n\n<hr class=\"wp-block-separator has-css-opacity\"\/>\n","protected":false},"excerpt":{"rendered":"<p>P\u00e4rimusring k\u00e4ib koos Salme Rahvamajas<br \/>\n2021-2022 aastal kohtume teisip\u00e4eviti kell 14.30<\/p>\n","protected":false},"author":3,"featured_media":1614,"parent":30,"menu_order":0,"comment_status":"closed","ping_status":"closed","template":"","meta":{"_acf_changed":false,"footnotes":""},"class_list":["post-44","page","type-page","status-publish","has-post-thumbnail","hentry"],"acf":[],"aioseo_notices":[],"_links":{"self":[{"href":"https:\/\/xn--srvemaa-90a.ee\/index.php\/wp-json\/wp\/v2\/pages\/44","targetHints":{"allow":["GET"]}}],"collection":[{"href":"https:\/\/xn--srvemaa-90a.ee\/index.php\/wp-json\/wp\/v2\/pages"}],"about":[{"href":"https:\/\/xn--srvemaa-90a.ee\/index.php\/wp-json\/wp\/v2\/types\/page"}],"author":[{"embeddable":true,"href":"https:\/\/xn--srvemaa-90a.ee\/index.php\/wp-json\/wp\/v2\/users\/3"}],"replies":[{"embeddable":true,"href":"https:\/\/xn--srvemaa-90a.ee\/index.php\/wp-json\/wp\/v2\/comments?post=44"}],"version-history":[{"count":16,"href":"https:\/\/xn--srvemaa-90a.ee\/index.php\/wp-json\/wp\/v2\/pages\/44\/revisions"}],"predecessor-version":[{"id":5086,"href":"https:\/\/xn--srvemaa-90a.ee\/index.php\/wp-json\/wp\/v2\/pages\/44\/revisions\/5086"}],"up":[{"embeddable":true,"href":"https:\/\/xn--srvemaa-90a.ee\/index.php\/wp-json\/wp\/v2\/pages\/30"}],"wp:featuredmedia":[{"embeddable":true,"href":"https:\/\/xn--srvemaa-90a.ee\/index.php\/wp-json\/wp\/v2\/media\/1614"}],"wp:attachment":[{"href":"https:\/\/xn--srvemaa-90a.ee\/index.php\/wp-json\/wp\/v2\/media?parent=44"}],"curies":[{"name":"wp","href":"https:\/\/api.w.org\/{rel}","templated":true}]}}