{"id":3945,"date":"2026-02-28T15:49:46","date_gmt":"2026-02-28T13:49:46","guid":{"rendered":"https:\/\/xn--srvemaa-90a.ee\/index.php\/?page_id=3945"},"modified":"2026-02-28T16:25:21","modified_gmt":"2026-02-28T14:25:21","slug":"sorvemaa-sormitsejad","status":"publish","type":"page","link":"https:\/\/xn--srvemaa-90a.ee\/index.php\/sps\/sorvemaa-sormitsejad\/","title":{"rendered":"S\u00f6rvemaa S\u00f6rmitsejad"},"content":{"rendered":"\n<p>S\u00f6rvemaa S\u00f6rmitsejad on priitahtlike pillimeeste orkester.&nbsp;<\/p>\n\n\n\n<p>Pillirahvast on meil mitut masti ning m\u00f5\u00f5tu. Kes on aastaid muusikakoolis tudeerinud, kes ei veeri nootigi. \u00dchel habe hall, teine alles \u00f5ppis lugema. M\u00f5ned harjutavad koos iga n\u00e4dal (nagu teevad Akordionis\u00f6rmitsejad), teised tulevad vaid siis kui siinmail juhtuvad olema. Kodus ja rahvamaja saalis, koos ja kordam\u00f6\u00f6da k\u00f5lavad viiul, kannel, mandoliin, parmupill, kitarr, mandot\u0161ello, akordion, triangel, ukuleele, kr\u00f5binapall, hiiu kannel, vilepill, torupill, kastitrumm&#8230; Iga kuu viimasel reedel m\u00e4ngime <a href=\"https:\/\/xn--srvemaa-90a.ee\/index.php\/sps\/tansiohtad\/\" title=\"Saaremaa tansi\u00f6htad\">Saaremaa tansi\u00f6htatel<\/a> tantsuks nii uuemaid kui vanemaid lugusid nii meie saarelt kui kaugemalt, koos ja kordam\u00f6\u00f6da.<\/p>\n\n\n\n<p>S\u00f6rvemaa S\u00f6rmitsejad k\u00e4isid tiiru 2025. aasta suurel rahvamuusikapeol ning on selle \u00fcle ete r\u00f6\u00f6mpsad. Oleme j\u00f5udnud nii Viljandi folgile kui Tartu folgile, k\u00e4inud m\u00e4ngimas Kuressaare Merep\u00e4evadel ja Torgu kuningriigi pidustustel, esinenud nii porgandihoidlas kui Kuressaare raekoja platsil. Iga kord on kena olnud. <\/p>\n\n\n\n<p>Tammeougu Mari hoiab kampa koos, n\u00e4itab mida see v\u00f5i teine noot t\u00e4hendab ning teisekorra otsib m\u00f5ne uue vana Saaremaa loo arhiivist v\u00e4lja ja \u00f5petab selgeks.<\/p>\n\n\n\n<hr class=\"wp-block-separator has-css-opacity\"\/>\n\n\n\n<p class=\"has-text-color\" style=\"color:#aa2409\"><strong>Kui soovid meite seltsis pilli s\u00f6rmitseda &#8211; anna endast m\u00e4rku <a href=\"mailto:info@sorvemaa.ee\">mari@sorvemaa.ee<\/a><\/strong><br>Akordionis\u00f6rmitsejate proov on teisp\u00e4eviti 18-20<br>Muud s\u00f6rmitsejad m\u00e4ngivad seltsis umbes korra kuus ning Saaremaa <a href=\"https:\/\/xn--srvemaa-90a.ee\/index.php\/sps\/tansiohtad\/\" title=\"Kuulutus-kuulutus: Saaremaa tansi\u00f6htad 2023\">tansi\u00f6htatel<\/a>!<\/p>\n\n\n\n<p class=\"has-text-color\" style=\"color:#aa2409\">K\u00e4ime koos Salme Rahvamajas<\/p>\n\n\n\n<hr class=\"wp-block-separator has-css-opacity\"\/>\n\n\n\n<div class=\"wp-block-buttons is-layout-flex wp-block-buttons-is-layout-flex\">\n<div class=\"wp-block-button\"><a class=\"wp-block-button__link has-background wp-element-button\" href=\"https:\/\/sorvemaa.ee\/sps\/tansiohtad\/\" style=\"border-radius:88px;background-color:#ff370094\">Tansi\u00f6htad 2026. aastal<\/a><\/div>\n<\/div>\n\n\n\n<figure class=\"wp-block-image size-large\"><img fetchpriority=\"high\" decoding=\"async\" width=\"1024\" height=\"768\" src=\"http:\/\/xn--srvemaa-90a.ee\/wp-content\/uploads\/2026\/02\/20250216_133155-2-1024x768.jpg\" alt=\"\" class=\"wp-image-8383\" srcset=\"https:\/\/xn--srvemaa-90a.ee\/wp-content\/uploads\/2026\/02\/20250216_133155-2-1024x768.jpg 1024w, https:\/\/xn--srvemaa-90a.ee\/wp-content\/uploads\/2026\/02\/20250216_133155-2-300x225.jpg 300w, https:\/\/xn--srvemaa-90a.ee\/wp-content\/uploads\/2026\/02\/20250216_133155-2-768x576.jpg 768w, https:\/\/xn--srvemaa-90a.ee\/wp-content\/uploads\/2026\/02\/20250216_133155-2-1536x1152.jpg 1536w, https:\/\/xn--srvemaa-90a.ee\/wp-content\/uploads\/2026\/02\/20250216_133155-2-2048x1536.jpg 2048w, https:\/\/xn--srvemaa-90a.ee\/wp-content\/uploads\/2026\/02\/20250216_133155-2-1440x1080.jpg 1440w, https:\/\/xn--srvemaa-90a.ee\/wp-content\/uploads\/2026\/02\/20250216_133155-2-400x300.jpg 400w\" sizes=\"(max-width: 1024px) 100vw, 1024px\" \/><figcaption class=\"wp-element-caption\">S\u00f6rvemaa S\u00f6rmitsejad valmistuvad 2025. aasta rahvamuusikapeoks. Pildistas Margus.<\/figcaption><\/figure>\n\n\n\n<figure class=\"wp-block-image size-large\"><img decoding=\"async\" width=\"1024\" height=\"577\" data-src=\"http:\/\/xn--srvemaa-90a.ee\/wp-content\/uploads\/2024\/02\/20231229_200111-1024x577.jpg\" alt=\"\" class=\"wp-image-6393 lazyload\" data-srcset=\"https:\/\/xn--srvemaa-90a.ee\/wp-content\/uploads\/2024\/02\/20231229_200111-1024x577.jpg 1024w, https:\/\/xn--srvemaa-90a.ee\/wp-content\/uploads\/2024\/02\/20231229_200111-300x169.jpg 300w, https:\/\/xn--srvemaa-90a.ee\/wp-content\/uploads\/2024\/02\/20231229_200111-768x432.jpg 768w, https:\/\/xn--srvemaa-90a.ee\/wp-content\/uploads\/2024\/02\/20231229_200111-1536x865.jpg 1536w, https:\/\/xn--srvemaa-90a.ee\/wp-content\/uploads\/2024\/02\/20231229_200111-1440x811.jpg 1440w, https:\/\/xn--srvemaa-90a.ee\/wp-content\/uploads\/2024\/02\/20231229_200111-400x225.jpg 400w, https:\/\/xn--srvemaa-90a.ee\/wp-content\/uploads\/2024\/02\/20231229_200111.jpg 1600w\" data-sizes=\"(max-width: 1024px) 100vw, 1024px\" src=\"data:image\/gif;base64,R0lGODlhAQABAAAAACH5BAEKAAEALAAAAAABAAEAAAICTAEAOw==\" style=\"--smush-placeholder-width: 1024px; --smush-placeholder-aspect-ratio: 1024\/577;\" \/><\/figure>\n\n\n\n<p>S\u00f6rmitsejate \u00fchislugu P\u00fchadevahekontserdil 2023.<\/p>\n\n\n\n<div class=\"wp-block-columns is-layout-flex wp-container-core-columns-is-layout-9d6595d7 wp-block-columns-is-layout-flex\">\n<div class=\"wp-block-column is-layout-flow wp-block-column-is-layout-flow\" style=\"flex-basis:100%\">\n<figure class=\"wp-block-image size-large\"><img decoding=\"async\" width=\"1024\" height=\"683\" data-src=\"http:\/\/xn--srvemaa-90a.ee\/wp-content\/uploads\/2022\/11\/DSC08779-1-1024x683.jpg\" alt=\"\" class=\"wp-image-5259 lazyload\" data-srcset=\"https:\/\/xn--srvemaa-90a.ee\/wp-content\/uploads\/2022\/11\/DSC08779-1-1024x683.jpg 1024w, https:\/\/xn--srvemaa-90a.ee\/wp-content\/uploads\/2022\/11\/DSC08779-1-300x200.jpg 300w, https:\/\/xn--srvemaa-90a.ee\/wp-content\/uploads\/2022\/11\/DSC08779-1-768x512.jpg 768w, https:\/\/xn--srvemaa-90a.ee\/wp-content\/uploads\/2022\/11\/DSC08779-1-1536x1024.jpg 1536w, https:\/\/xn--srvemaa-90a.ee\/wp-content\/uploads\/2022\/11\/DSC08779-1-2048x1365.jpg 2048w, https:\/\/xn--srvemaa-90a.ee\/wp-content\/uploads\/2022\/11\/DSC08779-1-1440x960.jpg 1440w, https:\/\/xn--srvemaa-90a.ee\/wp-content\/uploads\/2022\/11\/DSC08779-1-400x267.jpg 400w\" data-sizes=\"(max-width: 1024px) 100vw, 1024px\" src=\"data:image\/gif;base64,R0lGODlhAQABAAAAACH5BAEKAAEALAAAAAABAAEAAAICTAEAOw==\" style=\"--smush-placeholder-width: 1024px; --smush-placeholder-aspect-ratio: 1024\/683;\" \/><figcaption class=\"wp-element-caption\">Noors\u00f6rmitsejad Salme Rahvamaja juubelipeol 2022, pildistas Leanne Barbo<\/figcaption><\/figure>\n\n\n\n<figure class=\"wp-block-image size-large\"><a href=\"http:\/\/xn--srvemaa-90a.ee\/wp-content\/uploads\/2021\/06\/Ansekula-akordionistid2-Jaanuar-2021-scaled.jpg\"><img decoding=\"async\" width=\"1024\" height=\"683\" data-src=\"http:\/\/xn--srvemaa-90a.ee\/wp-content\/uploads\/2021\/06\/Ansekula-akordionistid-Jaanuar-2021-1024x683.jpg\" alt=\"\" class=\"wp-image-3946 lazyload\" data-srcset=\"https:\/\/xn--srvemaa-90a.ee\/wp-content\/uploads\/2021\/06\/Ansekula-akordionistid-Jaanuar-2021-1024x683.jpg 1024w, https:\/\/xn--srvemaa-90a.ee\/wp-content\/uploads\/2021\/06\/Ansekula-akordionistid-Jaanuar-2021-300x200.jpg 300w, https:\/\/xn--srvemaa-90a.ee\/wp-content\/uploads\/2021\/06\/Ansekula-akordionistid-Jaanuar-2021-768x512.jpg 768w, https:\/\/xn--srvemaa-90a.ee\/wp-content\/uploads\/2021\/06\/Ansekula-akordionistid-Jaanuar-2021-1536x1024.jpg 1536w, https:\/\/xn--srvemaa-90a.ee\/wp-content\/uploads\/2021\/06\/Ansekula-akordionistid-Jaanuar-2021-2048x1365.jpg 2048w, https:\/\/xn--srvemaa-90a.ee\/wp-content\/uploads\/2021\/06\/Ansekula-akordionistid-Jaanuar-2021-1440x960.jpg 1440w, https:\/\/xn--srvemaa-90a.ee\/wp-content\/uploads\/2021\/06\/Ansekula-akordionistid-Jaanuar-2021-400x267.jpg 400w\" data-sizes=\"(max-width: 1024px) 100vw, 1024px\" src=\"data:image\/gif;base64,R0lGODlhAQABAAAAACH5BAEKAAEALAAAAAABAAEAAAICTAEAOw==\" style=\"--smush-placeholder-width: 1024px; --smush-placeholder-aspect-ratio: 1024\/683;\" \/><\/a><figcaption class=\"wp-element-caption\">Akordionis\u00f6rmitsejad Ansek\u00fclas jaanuaris 2021. Pildistas Tammeougu Mari<\/figcaption><\/figure>\n\n\n\n<figure class=\"wp-block-gallery has-nested-images columns-default is-cropped wp-block-gallery-1 is-layout-flex wp-block-gallery-is-layout-flex\">\n<figure class=\"wp-block-image size-large\"><img decoding=\"async\" width=\"1024\" height=\"490\" data-id=\"3948\" data-src=\"https:\/\/xn--srvemaa-90a.ee\/wp-content\/uploads\/2021\/06\/Sorvemaa-Sormitsejad-2018-1024x490.jpg\" alt=\"S\u00f6rvemaa S\u00f6rmitsejate paraadfoto\" class=\"wp-image-3948 lazyload\" data-srcset=\"https:\/\/xn--srvemaa-90a.ee\/wp-content\/uploads\/2021\/06\/Sorvemaa-Sormitsejad-2018-1024x490.jpg 1024w, https:\/\/xn--srvemaa-90a.ee\/wp-content\/uploads\/2021\/06\/Sorvemaa-Sormitsejad-2018-300x144.jpg 300w, https:\/\/xn--srvemaa-90a.ee\/wp-content\/uploads\/2021\/06\/Sorvemaa-Sormitsejad-2018-768x368.jpg 768w, https:\/\/xn--srvemaa-90a.ee\/wp-content\/uploads\/2021\/06\/Sorvemaa-Sormitsejad-2018-1536x736.jpg 1536w, https:\/\/xn--srvemaa-90a.ee\/wp-content\/uploads\/2021\/06\/Sorvemaa-Sormitsejad-2018-2048x981.jpg 2048w, https:\/\/xn--srvemaa-90a.ee\/wp-content\/uploads\/2021\/06\/Sorvemaa-Sormitsejad-2018-1440x690.jpg 1440w, https:\/\/xn--srvemaa-90a.ee\/wp-content\/uploads\/2021\/06\/Sorvemaa-Sormitsejad-2018-400x192.jpg 400w\" data-sizes=\"(max-width: 1024px) 100vw, 1024px\" src=\"data:image\/gif;base64,R0lGODlhAQABAAAAACH5BAEKAAEALAAAAAABAAEAAAICTAEAOw==\" style=\"--smush-placeholder-width: 1024px; --smush-placeholder-aspect-ratio: 1024\/490;\" \/><figcaption class=\"wp-element-caption\">S\u00f6rmitsejate esimene etteaste pillipeol J\u00f6\u00f6ris 2018. Pildistas Siim-Kaarel Sepp<\/figcaption><\/figure>\n<\/figure>\n<\/div>\n<\/div>\n\n\n\n<p><\/p>\n","protected":false},"excerpt":{"rendered":"<p>S\u00f6rvemaa S\u00f6rmitsejad on priitahtlike pillimeeste orkester<\/p>\n","protected":false},"author":3,"featured_media":8385,"parent":30,"menu_order":4,"comment_status":"closed","ping_status":"closed","template":"","meta":{"_acf_changed":false,"footnotes":""},"class_list":["post-3945","page","type-page","status-publish","has-post-thumbnail","hentry"],"acf":[],"aioseo_notices":[],"_links":{"self":[{"href":"https:\/\/xn--srvemaa-90a.ee\/index.php\/wp-json\/wp\/v2\/pages\/3945","targetHints":{"allow":["GET"]}}],"collection":[{"href":"https:\/\/xn--srvemaa-90a.ee\/index.php\/wp-json\/wp\/v2\/pages"}],"about":[{"href":"https:\/\/xn--srvemaa-90a.ee\/index.php\/wp-json\/wp\/v2\/types\/page"}],"author":[{"embeddable":true,"href":"https:\/\/xn--srvemaa-90a.ee\/index.php\/wp-json\/wp\/v2\/users\/3"}],"replies":[{"embeddable":true,"href":"https:\/\/xn--srvemaa-90a.ee\/index.php\/wp-json\/wp\/v2\/comments?post=3945"}],"version-history":[{"count":16,"href":"https:\/\/xn--srvemaa-90a.ee\/index.php\/wp-json\/wp\/v2\/pages\/3945\/revisions"}],"predecessor-version":[{"id":8389,"href":"https:\/\/xn--srvemaa-90a.ee\/index.php\/wp-json\/wp\/v2\/pages\/3945\/revisions\/8389"}],"up":[{"embeddable":true,"href":"https:\/\/xn--srvemaa-90a.ee\/index.php\/wp-json\/wp\/v2\/pages\/30"}],"wp:featuredmedia":[{"embeddable":true,"href":"https:\/\/xn--srvemaa-90a.ee\/index.php\/wp-json\/wp\/v2\/media\/8385"}],"wp:attachment":[{"href":"https:\/\/xn--srvemaa-90a.ee\/index.php\/wp-json\/wp\/v2\/media?parent=3945"}],"curies":[{"name":"wp","href":"https:\/\/api.w.org\/{rel}","templated":true}]}}