{"id":3245,"date":"2020-12-11T20:06:52","date_gmt":"2020-12-11T18:06:52","guid":{"rendered":"http:\/\/xn--srvemaa-90a.ee\/index.php\/?page_id=3245"},"modified":"2021-03-06T11:04:59","modified_gmt":"2021-03-06T09:04:59","slug":"sorve-meeste-rahvariiete-kandmistarkused-kaeulatusse","status":"publish","type":"page","link":"https:\/\/xn--srvemaa-90a.ee\/index.php\/sps\/seltsi-ettevotmised\/sorve-meeste-rahvariiete-kandmistarkused-kaeulatusse\/","title":{"rendered":"S\u00f5rve meeste rahvariiete kandmistarkused k\u00e4eulatusse"},"content":{"rendered":"\n<p><strong>Suvi 2020 \u2013 suvi 2021<\/strong><\/p>\n\n\n\n<p>S\u00f6rvemaa P\u00e4rimuse Seltsi vabatahtlikud koos kohalike noortega levitavad \u00fcheskoos S\u00f5rve rahvariiete kandmise teadmisi! Valmistame ette ja teeme k\u00f5igile huvilistele \u00fcle interneti k\u00e4ttesaadavaks kirjeldused ja fotod <strong>S\u00f5rve meeste<\/strong> rahvariiete korrektsest kandmisest. Kokku ilmub 10 artiklit koos fotode ja murdekeelse terminoloogiaga v\u00f5rgulehel s\u00f6rvemaa.ee ja igan\u00e4dalased fotopostitused meie seltsi Facebook\u2019i ja Instagram\u2019i kontol<\/p>\n\n\n\n<p>Olulisimaks sihtr\u00fchmaks on s\u00f5rve noored, aga soovime j\u00f5uda v\u00f5imalikult paljude S\u00f5rve rahvariideid kandvate meesteni.<\/p>\n\n\n\n<hr class=\"wp-block-separator\"\/>\n\n\n\n<p><strong>S\u00f5rve meeste<\/strong> rahvariiete kandmisest<a href=\"https:\/\/xn--srvemaa-90a.ee\/category\/souke-sorvemaa\/sorve-meeste-rahvariided\/\"><b>&nbsp;saad alates 2021 jaanuarist lugeda siit!<\/b> <\/a>Kuni postitused tasapisi lehele ilmuvad, saad naaberlehtedel tutvuda <a href=\"https:\/\/xn--srvemaa-90a.ee\/category\/souke-sorvemaa\/ansekula-naiste-rahvariided\/\">Ansek\u00fcla <\/a>ja <a class=\"aioseop-link\" href=\"https:\/\/xn--srvemaa-90a.ee\/category\/souke-sorvemaa\/jamaja-naiste-rahvariided\/\">J\u00e4maja <\/a>naiseriiete kandmisega!<\/p>\n\n\n\n<hr class=\"wp-block-separator\"\/>\n\n\n\n<p>Noorte s\u00f5rve moekunstnike, fotograafide, stilistide ja modellide meeskond:<\/p>\n\n\n\n<figure class=\"wp-block-gallery columns-3 is-cropped wp-block-gallery-1 is-layout-flex wp-block-gallery-is-layout-flex\"><ul class=\"blocks-gallery-grid\"><li class=\"blocks-gallery-item\"><figure><img fetchpriority=\"high\" decoding=\"async\" width=\"709\" height=\"1024\" src=\"http:\/\/xn--srvemaa-90a.ee\/wp-content\/uploads\/2020\/12\/Liisi2020.jpg\" alt=\"\" data-id=\"3246\" data-link=\"http:\/\/xn--srvemaa-90a.ee\/index.php\/?attachment_id=3246\" class=\"wp-image-3246\" srcset=\"https:\/\/xn--srvemaa-90a.ee\/wp-content\/uploads\/2020\/12\/Liisi2020.jpg 709w, https:\/\/xn--srvemaa-90a.ee\/wp-content\/uploads\/2020\/12\/Liisi2020-208x300.jpg 208w, https:\/\/xn--srvemaa-90a.ee\/wp-content\/uploads\/2020\/12\/Liisi2020-400x578.jpg 400w\" sizes=\"(max-width: 709px) 100vw, 709px\" \/><\/figure><\/li><li class=\"blocks-gallery-item\"><figure><img decoding=\"async\" width=\"576\" height=\"831\" data-src=\"http:\/\/xn--srvemaa-90a.ee\/wp-content\/uploads\/2020\/12\/Tuule2017.jpg\" alt=\"\" data-id=\"3256\" data-link=\"http:\/\/xn--srvemaa-90a.ee\/index.php\/tuule2017\/\" class=\"wp-image-3256 lazyload\" data-srcset=\"https:\/\/xn--srvemaa-90a.ee\/wp-content\/uploads\/2020\/12\/Tuule2017.jpg 576w, https:\/\/xn--srvemaa-90a.ee\/wp-content\/uploads\/2020\/12\/Tuule2017-208x300.jpg 208w, https:\/\/xn--srvemaa-90a.ee\/wp-content\/uploads\/2020\/12\/Tuule2017-400x577.jpg 400w\" data-sizes=\"(max-width: 576px) 100vw, 576px\" src=\"data:image\/gif;base64,R0lGODlhAQABAAAAACH5BAEKAAEALAAAAAABAAEAAAICTAEAOw==\" style=\"--smush-placeholder-width: 576px; --smush-placeholder-aspect-ratio: 576\/831;\" \/><\/figure><\/li><li class=\"blocks-gallery-item\"><figure><img decoding=\"async\" width=\"712\" height=\"1024\" data-src=\"http:\/\/xn--srvemaa-90a.ee\/wp-content\/uploads\/2020\/12\/Paasu2020.jpg\" alt=\"\" data-id=\"3249\" data-link=\"http:\/\/xn--srvemaa-90a.ee\/index.php\/?attachment_id=3249\" class=\"wp-image-3249 lazyload\" data-srcset=\"https:\/\/xn--srvemaa-90a.ee\/wp-content\/uploads\/2020\/12\/Paasu2020.jpg 712w, https:\/\/xn--srvemaa-90a.ee\/wp-content\/uploads\/2020\/12\/Paasu2020-209x300.jpg 209w, https:\/\/xn--srvemaa-90a.ee\/wp-content\/uploads\/2020\/12\/Paasu2020-400x575.jpg 400w\" data-sizes=\"(max-width: 712px) 100vw, 712px\" src=\"data:image\/gif;base64,R0lGODlhAQABAAAAACH5BAEKAAEALAAAAAABAAEAAAICTAEAOw==\" style=\"--smush-placeholder-width: 712px; --smush-placeholder-aspect-ratio: 712\/1024;\" \/><\/figure><\/li><li class=\"blocks-gallery-item\"><figure><img decoding=\"async\" width=\"710\" height=\"1024\" data-src=\"http:\/\/xn--srvemaa-90a.ee\/wp-content\/uploads\/2020\/12\/Triin2020.jpg\" alt=\"\" data-id=\"3250\" data-link=\"http:\/\/xn--srvemaa-90a.ee\/index.php\/?attachment_id=3250\" class=\"wp-image-3250 lazyload\" data-srcset=\"https:\/\/xn--srvemaa-90a.ee\/wp-content\/uploads\/2020\/12\/Triin2020.jpg 710w, https:\/\/xn--srvemaa-90a.ee\/wp-content\/uploads\/2020\/12\/Triin2020-208x300.jpg 208w, https:\/\/xn--srvemaa-90a.ee\/wp-content\/uploads\/2020\/12\/Triin2020-400x577.jpg 400w\" data-sizes=\"(max-width: 710px) 100vw, 710px\" src=\"data:image\/gif;base64,R0lGODlhAQABAAAAACH5BAEKAAEALAAAAAABAAEAAAICTAEAOw==\" style=\"--smush-placeholder-width: 710px; --smush-placeholder-aspect-ratio: 710\/1024;\" \/><\/figure><\/li><li class=\"blocks-gallery-item\"><figure><img decoding=\"async\" width=\"709\" height=\"1024\" data-src=\"http:\/\/xn--srvemaa-90a.ee\/wp-content\/uploads\/2020\/12\/Auli2020.jpg\" alt=\"\" data-id=\"3251\" data-link=\"http:\/\/xn--srvemaa-90a.ee\/index.php\/?attachment_id=3251\" class=\"wp-image-3251 lazyload\" data-srcset=\"https:\/\/xn--srvemaa-90a.ee\/wp-content\/uploads\/2020\/12\/Auli2020.jpg 709w, https:\/\/xn--srvemaa-90a.ee\/wp-content\/uploads\/2020\/12\/Auli2020-208x300.jpg 208w, https:\/\/xn--srvemaa-90a.ee\/wp-content\/uploads\/2020\/12\/Auli2020-400x578.jpg 400w\" data-sizes=\"(max-width: 709px) 100vw, 709px\" src=\"data:image\/gif;base64,R0lGODlhAQABAAAAACH5BAEKAAEALAAAAAABAAEAAAICTAEAOw==\" style=\"--smush-placeholder-width: 709px; --smush-placeholder-aspect-ratio: 709\/1024;\" \/><\/figure><\/li><li class=\"blocks-gallery-item\"><figure><img decoding=\"async\" width=\"581\" height=\"840\" data-src=\"https:\/\/xn--srvemaa-90a.ee\/wp-content\/uploads\/2020\/12\/Mia2020.jpg\" alt=\"\" data-id=\"3268\" data-full-url=\"https:\/\/xn--srvemaa-90a.ee\/wp-content\/uploads\/2020\/12\/Mia2020.jpg\" data-link=\"https:\/\/xn--srvemaa-90a.ee\/index.php\/sps\/seltsi-ettevotmised\/sorve-meeste-rahvariiete-kandmistarkused-kaeulatusse\/attachment\/mia2020\/\" class=\"wp-image-3268 lazyload\" data-srcset=\"https:\/\/xn--srvemaa-90a.ee\/wp-content\/uploads\/2020\/12\/Mia2020.jpg 581w, https:\/\/xn--srvemaa-90a.ee\/wp-content\/uploads\/2020\/12\/Mia2020-208x300.jpg 208w, https:\/\/xn--srvemaa-90a.ee\/wp-content\/uploads\/2020\/12\/Mia2020-400x578.jpg 400w\" data-sizes=\"(max-width: 581px) 100vw, 581px\" src=\"data:image\/gif;base64,R0lGODlhAQABAAAAACH5BAEKAAEALAAAAAABAAEAAAICTAEAOw==\" style=\"--smush-placeholder-width: 581px; --smush-placeholder-aspect-ratio: 581\/840;\" \/><\/figure><\/li><li class=\"blocks-gallery-item\"><figure><img decoding=\"async\" width=\"706\" height=\"1024\" data-src=\"http:\/\/xn--srvemaa-90a.ee\/wp-content\/uploads\/2020\/12\/Mihkel2020.jpg\" alt=\"\" data-id=\"3247\" data-link=\"http:\/\/xn--srvemaa-90a.ee\/index.php\/?attachment_id=3247\" class=\"wp-image-3247 lazyload\" data-srcset=\"https:\/\/xn--srvemaa-90a.ee\/wp-content\/uploads\/2020\/12\/Mihkel2020.jpg 706w, https:\/\/xn--srvemaa-90a.ee\/wp-content\/uploads\/2020\/12\/Mihkel2020-207x300.jpg 207w, https:\/\/xn--srvemaa-90a.ee\/wp-content\/uploads\/2020\/12\/Mihkel2020-400x580.jpg 400w\" data-sizes=\"(max-width: 706px) 100vw, 706px\" src=\"data:image\/gif;base64,R0lGODlhAQABAAAAACH5BAEKAAEALAAAAAABAAEAAAICTAEAOw==\" style=\"--smush-placeholder-width: 706px; --smush-placeholder-aspect-ratio: 706\/1024;\" \/><\/figure><\/li><li class=\"blocks-gallery-item\"><figure><img decoding=\"async\" width=\"709\" height=\"1024\" data-src=\"http:\/\/xn--srvemaa-90a.ee\/wp-content\/uploads\/2020\/12\/Orm2020.jpg\" alt=\"\" data-id=\"3248\" data-link=\"http:\/\/xn--srvemaa-90a.ee\/index.php\/?attachment_id=3248\" class=\"wp-image-3248 lazyload\" data-srcset=\"https:\/\/xn--srvemaa-90a.ee\/wp-content\/uploads\/2020\/12\/Orm2020.jpg 709w, https:\/\/xn--srvemaa-90a.ee\/wp-content\/uploads\/2020\/12\/Orm2020-208x300.jpg 208w, https:\/\/xn--srvemaa-90a.ee\/wp-content\/uploads\/2020\/12\/Orm2020-400x578.jpg 400w\" data-sizes=\"(max-width: 709px) 100vw, 709px\" src=\"data:image\/gif;base64,R0lGODlhAQABAAAAACH5BAEKAAEALAAAAAABAAEAAAICTAEAOw==\" style=\"--smush-placeholder-width: 709px; --smush-placeholder-aspect-ratio: 709\/1024;\" \/><\/figure><\/li><li class=\"blocks-gallery-item\"><figure><img decoding=\"async\" width=\"711\" height=\"1024\" data-src=\"http:\/\/xn--srvemaa-90a.ee\/wp-content\/uploads\/2020\/12\/Henrik2020.jpg\" alt=\"\" data-id=\"3252\" data-link=\"http:\/\/xn--srvemaa-90a.ee\/index.php\/?attachment_id=3252\" class=\"wp-image-3252 lazyload\" data-srcset=\"https:\/\/xn--srvemaa-90a.ee\/wp-content\/uploads\/2020\/12\/Henrik2020.jpg 711w, https:\/\/xn--srvemaa-90a.ee\/wp-content\/uploads\/2020\/12\/Henrik2020-208x300.jpg 208w, https:\/\/xn--srvemaa-90a.ee\/wp-content\/uploads\/2020\/12\/Henrik2020-400x576.jpg 400w\" data-sizes=\"(max-width: 711px) 100vw, 711px\" src=\"data:image\/gif;base64,R0lGODlhAQABAAAAACH5BAEKAAEALAAAAAABAAEAAAICTAEAOw==\" style=\"--smush-placeholder-width: 711px; --smush-placeholder-aspect-ratio: 711\/1024;\" \/><\/figure><\/li><\/ul><\/figure>\n\n\n\n<p>T\u00e4iskasvanud modellid \u2013 moekunstnikud \u2013 fotograafid ja abilised: Jaagutooma Merle, Tammeougu Mari, Tammeniidi Elve ja Margus, Raul Vinni.<\/p>\n\n\n\n<p>S\u00f5rve meeste rahvariided valmistasid Tammeougu Mari, Tammeniidi Elve, Jaagutooma Merle, Lepigu Merike, Kristi Ellart ja Kotke Urve.<\/p>\n\n\n\n<p>Tekstid vaatas l\u00e4bi Saaremaa rahvariiete spetsialist Mareli Rannap ning J\u00e4maja rahvariiete asjatundja Koolielu Kaire.<\/p>\n\n\n\n<p>Fotot\u00f6\u00f6tlus Tuule Sadam, Tammeougu Mari ja Raul Vinni.<\/p>\n\n\n\n<p>Sotsiaalmeedia postitused Tammeougu Liisi, Meriraja Eliise, Vainu Tiina, V\u00e4rava Henrik, juhendajad Jagutooma Merle ja Tammeougu Mari.<\/p>\n\n\n\n<p>V\u00f5rgulehe koostab ja kujundab Tammeougu Mari, haldab Tammeniidi Margus.<\/p>\n\n\n\n<p>Tekstide toimetamisel oli abiks Ainika Jakobson, keelekorrektuur Vesikonna Katrina.<\/p>\n\n\n\n<p>Uurimist\u00f6\u00f6 tegija, tekstide kirjutaja, noorte juhendaja ja projekti eestvedaja on Tammeougu Mari.<\/p>\n\n\n\n<hr class=\"wp-block-separator\"\/>\n\n\n\n<p>Projekti \u201cS\u00f5rve meeste rahvariiete kandmistarkused k\u00e4eulatusse \u2013 eelt\u00f6\u00f6d\u201d toetavad Rahvakultuuri Keskuse programm \u201c<a href=\"https:\/\/rahvakultuur.ee\/toetused\/toetusmeetmed\/saarte-parimuskultuuri-toetamine\/\">Saarte p\u00e4rimuskultuuri toetamine\u201d<\/a> ja MT\u00dc S\u00f6rvemaa P\u00e4rimuse Selts.&nbsp;<\/p>\n\n\n\n<p class=\"has-text-align-center\">Ait\u00e4h k\u00f5igile osalistele!<\/p>\n","protected":false},"excerpt":{"rendered":"<p>Kuidas*? Millega*? Millal*? Kes*? Miks*? <\/p>\n<p>* kanda S\u00f5rve rahvariideid. Loe artiklisarjast &#8220;S\u00f5rve riide kandmine&#8221; v\u00f5rgulehelt s\u00f6rvemaa.ee!<\/p>\n","protected":false},"author":3,"featured_media":3566,"parent":1218,"menu_order":1,"comment_status":"closed","ping_status":"closed","template":"","meta":{"_acf_changed":false,"footnotes":""},"class_list":["post-3245","page","type-page","status-publish","has-post-thumbnail","hentry"],"acf":[],"aioseo_notices":[],"_links":{"self":[{"href":"https:\/\/xn--srvemaa-90a.ee\/index.php\/wp-json\/wp\/v2\/pages\/3245","targetHints":{"allow":["GET"]}}],"collection":[{"href":"https:\/\/xn--srvemaa-90a.ee\/index.php\/wp-json\/wp\/v2\/pages"}],"about":[{"href":"https:\/\/xn--srvemaa-90a.ee\/index.php\/wp-json\/wp\/v2\/types\/page"}],"author":[{"embeddable":true,"href":"https:\/\/xn--srvemaa-90a.ee\/index.php\/wp-json\/wp\/v2\/users\/3"}],"replies":[{"embeddable":true,"href":"https:\/\/xn--srvemaa-90a.ee\/index.php\/wp-json\/wp\/v2\/comments?post=3245"}],"version-history":[{"count":13,"href":"https:\/\/xn--srvemaa-90a.ee\/index.php\/wp-json\/wp\/v2\/pages\/3245\/revisions"}],"predecessor-version":[{"id":3747,"href":"https:\/\/xn--srvemaa-90a.ee\/index.php\/wp-json\/wp\/v2\/pages\/3245\/revisions\/3747"}],"up":[{"embeddable":true,"href":"https:\/\/xn--srvemaa-90a.ee\/index.php\/wp-json\/wp\/v2\/pages\/1218"}],"wp:featuredmedia":[{"embeddable":true,"href":"https:\/\/xn--srvemaa-90a.ee\/index.php\/wp-json\/wp\/v2\/media\/3566"}],"wp:attachment":[{"href":"https:\/\/xn--srvemaa-90a.ee\/index.php\/wp-json\/wp\/v2\/media?parent=3245"}],"curies":[{"name":"wp","href":"https:\/\/api.w.org\/{rel}","templated":true}]}}