{"id":2078,"date":"2020-11-01T16:39:29","date_gmt":"2020-11-01T14:39:29","guid":{"rendered":"http:\/\/xn--srvemaa-90a.ee\/index.php\/?page_id=2078"},"modified":"2020-12-12T09:46:53","modified_gmt":"2020-12-12T07:46:53","slug":"jamaja-naiste-rahvariiete-kandmistarkused-kaeulatusse","status":"publish","type":"page","link":"https:\/\/xn--srvemaa-90a.ee\/index.php\/sps\/seltsi-ettevotmised\/jamaja-naiste-rahvariiete-kandmistarkused-kaeulatusse\/","title":{"rendered":"J\u00e4maja naiste rahvariiete kandmistarkused k\u00e4eulatusse"},"content":{"rendered":"\n<p><strong>Suvi 2019 \u2013 suvi 2020<\/strong><\/p>\n\n\n\n<p>Meie eesm\u00e4rk on J\u00e4maja rahvariiete kandmisoskuste parandamine ning  kandmisjulguse suurendamine. Valmistame ette ja teeme k\u00f5igile  huvilistele \u00fcle interneti k\u00e4ttesaadavaks kirjeldused ja fotod J\u00e4maja naiste rahvariiete korrektsest kandmisest. Kokku ilmub 12 artiklit  koos fotode ja murdekeelse terminoloogiaga v\u00f5rgulehel s\u00f6rvemaa.ee ja igan\u00e4dalased fotopostitused meie seltsi Facebook\u2019i ja Instagram\u2019i kontol<\/p>\n\n\n\n<p>Olulisimaks sihtr\u00fchmaks on s\u00f5rve noored, aga soovime j\u00f5uda  v\u00f5imalikult paljude J\u00e4maja rahvariideid kandvate naisteni. <\/p>\n\n\n\n<hr class=\"wp-block-separator\"\/>\n\n\n\n<p class=\"has-medium-font-size\"><strong><a href=\"https:\/\/xn--srvemaa-90a.ee\/category\/souke-sorvemaa\/jamaja-naiste-rahvariided\/\" class=\"aioseop-link\">J\u00e4maja naiste rahvariiete kandmisest saad lugeda siit!<\/a><\/strong><\/p>\n\n\n\n<hr class=\"wp-block-separator\"\/>\n\n\n\n<p>S\u00f5rve noorte moekunstnike, fotograafide, stilistide ja modellide meeskond:<\/p>\n\n\n\n<figure class=\"wp-block-gallery columns-5 is-cropped wp-block-gallery-1 is-layout-flex wp-block-gallery-is-layout-flex\"><ul class=\"blocks-gallery-grid\"><li class=\"blocks-gallery-item\"><figure><img fetchpriority=\"high\" decoding=\"async\" width=\"575\" height=\"1024\" src=\"http:\/\/xn--srvemaa-90a.ee\/wp-content\/uploads\/2019\/12\/P\u00e4\u00e4su-575x1024.png\" alt=\"\" data-id=\"2217\" data-full-url=\"http:\/\/xn--srvemaa-90a.ee\/wp-content\/uploads\/2019\/12\/P\u00e4\u00e4su.png\" data-link=\"http:\/\/xn--srvemaa-90a.ee\/index.php\/paasu\/\" class=\"wp-image-2217\" srcset=\"https:\/\/xn--srvemaa-90a.ee\/wp-content\/uploads\/2019\/12\/P\u00e4\u00e4su-575x1024.png 575w, https:\/\/xn--srvemaa-90a.ee\/wp-content\/uploads\/2019\/12\/P\u00e4\u00e4su-169x300.png 169w, https:\/\/xn--srvemaa-90a.ee\/wp-content\/uploads\/2019\/12\/P\u00e4\u00e4su-768x1367.png 768w, https:\/\/xn--srvemaa-90a.ee\/wp-content\/uploads\/2019\/12\/P\u00e4\u00e4su-863x1536.png 863w, https:\/\/xn--srvemaa-90a.ee\/wp-content\/uploads\/2019\/12\/P\u00e4\u00e4su-809x1440.png 809w, https:\/\/xn--srvemaa-90a.ee\/wp-content\/uploads\/2019\/12\/P\u00e4\u00e4su-337x600.png 337w, https:\/\/xn--srvemaa-90a.ee\/wp-content\/uploads\/2019\/12\/P\u00e4\u00e4su.png 911w\" sizes=\"(max-width: 575px) 100vw, 575px\" \/><\/figure><\/li><li class=\"blocks-gallery-item\"><figure><img decoding=\"async\" width=\"576\" height=\"1024\" data-src=\"http:\/\/xn--srvemaa-90a.ee\/wp-content\/uploads\/2019\/12\/Liisi-576x1024.png\" alt=\"\" data-id=\"2226\" data-full-url=\"http:\/\/xn--srvemaa-90a.ee\/wp-content\/uploads\/2019\/12\/Liisi-scaled.png\" data-link=\"http:\/\/xn--srvemaa-90a.ee\/index.php\/liisi\/\" class=\"wp-image-2226 lazyload\" data-srcset=\"https:\/\/xn--srvemaa-90a.ee\/wp-content\/uploads\/2019\/12\/Liisi-576x1024.png 576w, https:\/\/xn--srvemaa-90a.ee\/wp-content\/uploads\/2019\/12\/Liisi-169x300.png 169w, https:\/\/xn--srvemaa-90a.ee\/wp-content\/uploads\/2019\/12\/Liisi-768x1366.png 768w, https:\/\/xn--srvemaa-90a.ee\/wp-content\/uploads\/2019\/12\/Liisi-864x1536.png 864w, https:\/\/xn--srvemaa-90a.ee\/wp-content\/uploads\/2019\/12\/Liisi-1152x2048.png 1152w, https:\/\/xn--srvemaa-90a.ee\/wp-content\/uploads\/2019\/12\/Liisi-810x1440.png 810w, https:\/\/xn--srvemaa-90a.ee\/wp-content\/uploads\/2019\/12\/Liisi-337x600.png 337w, https:\/\/xn--srvemaa-90a.ee\/wp-content\/uploads\/2019\/12\/Liisi-scaled.png 1440w\" data-sizes=\"(max-width: 576px) 100vw, 576px\" src=\"data:image\/gif;base64,R0lGODlhAQABAAAAACH5BAEKAAEALAAAAAABAAEAAAICTAEAOw==\" style=\"--smush-placeholder-width: 576px; --smush-placeholder-aspect-ratio: 576\/1024;\" \/><\/figure><\/li><li class=\"blocks-gallery-item\"><figure><img decoding=\"async\" width=\"576\" height=\"1024\" data-src=\"http:\/\/xn--srvemaa-90a.ee\/wp-content\/uploads\/2019\/12\/Auli-576x1024.png\" alt=\"\" data-id=\"2220\" data-full-url=\"http:\/\/xn--srvemaa-90a.ee\/wp-content\/uploads\/2019\/12\/Auli-scaled.png\" data-link=\"http:\/\/xn--srvemaa-90a.ee\/index.php\/auli\/\" class=\"wp-image-2220 lazyload\" data-srcset=\"https:\/\/xn--srvemaa-90a.ee\/wp-content\/uploads\/2019\/12\/Auli-576x1024.png 576w, https:\/\/xn--srvemaa-90a.ee\/wp-content\/uploads\/2019\/12\/Auli-169x300.png 169w, https:\/\/xn--srvemaa-90a.ee\/wp-content\/uploads\/2019\/12\/Auli-768x1365.png 768w, https:\/\/xn--srvemaa-90a.ee\/wp-content\/uploads\/2019\/12\/Auli-864x1536.png 864w, https:\/\/xn--srvemaa-90a.ee\/wp-content\/uploads\/2019\/12\/Auli-scaled.png 1440w\" data-sizes=\"(max-width: 576px) 100vw, 576px\" src=\"data:image\/gif;base64,R0lGODlhAQABAAAAACH5BAEKAAEALAAAAAABAAEAAAICTAEAOw==\" style=\"--smush-placeholder-width: 576px; --smush-placeholder-aspect-ratio: 576\/1024;\" \/><\/figure><\/li><li class=\"blocks-gallery-item\"><figure><img decoding=\"async\" width=\"576\" height=\"1024\" data-src=\"http:\/\/xn--srvemaa-90a.ee\/wp-content\/uploads\/2019\/12\/Mihkel-576x1024.png\" alt=\"\" data-id=\"2224\" data-full-url=\"http:\/\/xn--srvemaa-90a.ee\/wp-content\/uploads\/2019\/12\/Mihkel.png\" data-link=\"http:\/\/xn--srvemaa-90a.ee\/index.php\/mihkel\/\" class=\"wp-image-2224 lazyload\" data-srcset=\"https:\/\/xn--srvemaa-90a.ee\/wp-content\/uploads\/2019\/12\/Mihkel-576x1024.png 576w, https:\/\/xn--srvemaa-90a.ee\/wp-content\/uploads\/2019\/12\/Mihkel-169x300.png 169w, https:\/\/xn--srvemaa-90a.ee\/wp-content\/uploads\/2019\/12\/Mihkel-768x1365.png 768w, https:\/\/xn--srvemaa-90a.ee\/wp-content\/uploads\/2019\/12\/Mihkel-864x1536.png 864w, https:\/\/xn--srvemaa-90a.ee\/wp-content\/uploads\/2019\/12\/Mihkel-810x1440.png 810w, https:\/\/xn--srvemaa-90a.ee\/wp-content\/uploads\/2019\/12\/Mihkel-338x600.png 338w, https:\/\/xn--srvemaa-90a.ee\/wp-content\/uploads\/2019\/12\/Mihkel.png 1048w\" data-sizes=\"(max-width: 576px) 100vw, 576px\" src=\"data:image\/gif;base64,R0lGODlhAQABAAAAACH5BAEKAAEALAAAAAABAAEAAAICTAEAOw==\" style=\"--smush-placeholder-width: 576px; --smush-placeholder-aspect-ratio: 576\/1024;\" \/><\/figure><\/li><li class=\"blocks-gallery-item\"><figure><img decoding=\"async\" width=\"576\" height=\"1024\" data-src=\"http:\/\/xn--srvemaa-90a.ee\/wp-content\/uploads\/2019\/12\/Lisete-576x1024.png\" alt=\"\" data-id=\"2225\" data-full-url=\"http:\/\/xn--srvemaa-90a.ee\/wp-content\/uploads\/2019\/12\/Lisete.png\" data-link=\"http:\/\/xn--srvemaa-90a.ee\/index.php\/lisete\/\" class=\"wp-image-2225 lazyload\" data-srcset=\"https:\/\/xn--srvemaa-90a.ee\/wp-content\/uploads\/2019\/12\/Lisete-576x1024.png 576w, https:\/\/xn--srvemaa-90a.ee\/wp-content\/uploads\/2019\/12\/Lisete-169x300.png 169w, https:\/\/xn--srvemaa-90a.ee\/wp-content\/uploads\/2019\/12\/Lisete-337x600.png 337w, https:\/\/xn--srvemaa-90a.ee\/wp-content\/uploads\/2019\/12\/Lisete.png 761w\" data-sizes=\"(max-width: 576px) 100vw, 576px\" src=\"data:image\/gif;base64,R0lGODlhAQABAAAAACH5BAEKAAEALAAAAAABAAEAAAICTAEAOw==\" style=\"--smush-placeholder-width: 576px; --smush-placeholder-aspect-ratio: 576\/1024;\" \/><\/figure><\/li><li class=\"blocks-gallery-item\"><figure><img decoding=\"async\" width=\"576\" height=\"1024\" data-src=\"http:\/\/xn--srvemaa-90a.ee\/wp-content\/uploads\/2019\/12\/Erika-576x1024.png\" alt=\"\" data-id=\"2221\" data-full-url=\"http:\/\/xn--srvemaa-90a.ee\/wp-content\/uploads\/2019\/12\/Erika.png\" data-link=\"http:\/\/xn--srvemaa-90a.ee\/index.php\/erika\/\" class=\"wp-image-2221 lazyload\" data-srcset=\"https:\/\/xn--srvemaa-90a.ee\/wp-content\/uploads\/2019\/12\/Erika-576x1024.png 576w, https:\/\/xn--srvemaa-90a.ee\/wp-content\/uploads\/2019\/12\/Erika-169x300.png 169w, https:\/\/xn--srvemaa-90a.ee\/wp-content\/uploads\/2019\/12\/Erika-768x1366.png 768w, https:\/\/xn--srvemaa-90a.ee\/wp-content\/uploads\/2019\/12\/Erika-864x1536.png 864w, https:\/\/xn--srvemaa-90a.ee\/wp-content\/uploads\/2019\/12\/Erika-810x1440.png 810w, https:\/\/xn--srvemaa-90a.ee\/wp-content\/uploads\/2019\/12\/Erika-337x600.png 337w, https:\/\/xn--srvemaa-90a.ee\/wp-content\/uploads\/2019\/12\/Erika.png 933w\" data-sizes=\"(max-width: 576px) 100vw, 576px\" src=\"data:image\/gif;base64,R0lGODlhAQABAAAAACH5BAEKAAEALAAAAAABAAEAAAICTAEAOw==\" style=\"--smush-placeholder-width: 576px; --smush-placeholder-aspect-ratio: 576\/1024;\" \/><\/figure><\/li><li class=\"blocks-gallery-item\"><figure><img decoding=\"async\" width=\"576\" height=\"1024\" data-src=\"http:\/\/xn--srvemaa-90a.ee\/wp-content\/uploads\/2019\/12\/Hanna-576x1024.png\" alt=\"\" data-id=\"2222\" data-full-url=\"http:\/\/xn--srvemaa-90a.ee\/wp-content\/uploads\/2019\/12\/Hanna.png\" data-link=\"http:\/\/xn--srvemaa-90a.ee\/index.php\/hanna\/\" class=\"wp-image-2222 lazyload\" data-srcset=\"https:\/\/xn--srvemaa-90a.ee\/wp-content\/uploads\/2019\/12\/Hanna-576x1024.png 576w, https:\/\/xn--srvemaa-90a.ee\/wp-content\/uploads\/2019\/12\/Hanna-169x300.png 169w, https:\/\/xn--srvemaa-90a.ee\/wp-content\/uploads\/2019\/12\/Hanna-768x1365.png 768w, https:\/\/xn--srvemaa-90a.ee\/wp-content\/uploads\/2019\/12\/Hanna-864x1536.png 864w, https:\/\/xn--srvemaa-90a.ee\/wp-content\/uploads\/2019\/12\/Hanna-810x1440.png 810w, https:\/\/xn--srvemaa-90a.ee\/wp-content\/uploads\/2019\/12\/Hanna-337x600.png 337w, https:\/\/xn--srvemaa-90a.ee\/wp-content\/uploads\/2019\/12\/Hanna.png 1045w\" data-sizes=\"(max-width: 576px) 100vw, 576px\" src=\"data:image\/gif;base64,R0lGODlhAQABAAAAACH5BAEKAAEALAAAAAABAAEAAAICTAEAOw==\" style=\"--smush-placeholder-width: 576px; --smush-placeholder-aspect-ratio: 576\/1024;\" \/><\/figure><\/li><li class=\"blocks-gallery-item\"><figure><img decoding=\"async\" width=\"576\" height=\"1024\" data-src=\"http:\/\/xn--srvemaa-90a.ee\/wp-content\/uploads\/2019\/12\/Karin-576x1024.png\" alt=\"\" data-id=\"2223\" data-full-url=\"http:\/\/xn--srvemaa-90a.ee\/wp-content\/uploads\/2019\/12\/Karin.png\" data-link=\"http:\/\/xn--srvemaa-90a.ee\/index.php\/karin\/\" class=\"wp-image-2223 lazyload\" data-srcset=\"https:\/\/xn--srvemaa-90a.ee\/wp-content\/uploads\/2019\/12\/Karin-576x1024.png 576w, https:\/\/xn--srvemaa-90a.ee\/wp-content\/uploads\/2019\/12\/Karin-169x300.png 169w, https:\/\/xn--srvemaa-90a.ee\/wp-content\/uploads\/2019\/12\/Karin-768x1365.png 768w, https:\/\/xn--srvemaa-90a.ee\/wp-content\/uploads\/2019\/12\/Karin-864x1536.png 864w, https:\/\/xn--srvemaa-90a.ee\/wp-content\/uploads\/2019\/12\/Karin-810x1440.png 810w, https:\/\/xn--srvemaa-90a.ee\/wp-content\/uploads\/2019\/12\/Karin-337x600.png 337w, https:\/\/xn--srvemaa-90a.ee\/wp-content\/uploads\/2019\/12\/Karin.png 968w\" data-sizes=\"(max-width: 576px) 100vw, 576px\" src=\"data:image\/gif;base64,R0lGODlhAQABAAAAACH5BAEKAAEALAAAAAABAAEAAAICTAEAOw==\" style=\"--smush-placeholder-width: 576px; --smush-placeholder-aspect-ratio: 576\/1024;\" \/><\/figure><\/li><li class=\"blocks-gallery-item\"><figure><img decoding=\"async\" width=\"576\" height=\"1024\" data-src=\"http:\/\/xn--srvemaa-90a.ee\/wp-content\/uploads\/2019\/12\/Tuule-576x1024.png\" alt=\"\" data-id=\"2219\" data-full-url=\"http:\/\/xn--srvemaa-90a.ee\/wp-content\/uploads\/2019\/12\/Tuule.png\" data-link=\"http:\/\/xn--srvemaa-90a.ee\/index.php\/tuule\/\" class=\"wp-image-2219 lazyload\" data-srcset=\"https:\/\/xn--srvemaa-90a.ee\/wp-content\/uploads\/2019\/12\/Tuule-576x1024.png 576w, https:\/\/xn--srvemaa-90a.ee\/wp-content\/uploads\/2019\/12\/Tuule-169x300.png 169w, https:\/\/xn--srvemaa-90a.ee\/wp-content\/uploads\/2019\/12\/Tuule-768x1364.png 768w, https:\/\/xn--srvemaa-90a.ee\/wp-content\/uploads\/2019\/12\/Tuule-865x1536.png 865w, https:\/\/xn--srvemaa-90a.ee\/wp-content\/uploads\/2019\/12\/Tuule-811x1440.png 811w, https:\/\/xn--srvemaa-90a.ee\/wp-content\/uploads\/2019\/12\/Tuule-338x600.png 338w, https:\/\/xn--srvemaa-90a.ee\/wp-content\/uploads\/2019\/12\/Tuule.png 989w\" data-sizes=\"(max-width: 576px) 100vw, 576px\" src=\"data:image\/gif;base64,R0lGODlhAQABAAAAACH5BAEKAAEALAAAAAABAAEAAAICTAEAOw==\" style=\"--smush-placeholder-width: 576px; --smush-placeholder-aspect-ratio: 576\/1024;\" \/><\/figure><\/li><li class=\"blocks-gallery-item\"><figure><img decoding=\"async\" width=\"576\" height=\"1024\" data-src=\"http:\/\/xn--srvemaa-90a.ee\/wp-content\/uploads\/2019\/12\/Triin-576x1024.png\" alt=\"\" data-id=\"2218\" data-full-url=\"http:\/\/xn--srvemaa-90a.ee\/wp-content\/uploads\/2019\/12\/Triin-scaled.png\" data-link=\"http:\/\/xn--srvemaa-90a.ee\/index.php\/triin\/\" class=\"wp-image-2218 lazyload\" data-srcset=\"https:\/\/xn--srvemaa-90a.ee\/wp-content\/uploads\/2019\/12\/Triin-576x1024.png 576w, https:\/\/xn--srvemaa-90a.ee\/wp-content\/uploads\/2019\/12\/Triin-169x300.png 169w, https:\/\/xn--srvemaa-90a.ee\/wp-content\/uploads\/2019\/12\/Triin-768x1366.png 768w, https:\/\/xn--srvemaa-90a.ee\/wp-content\/uploads\/2019\/12\/Triin-863x1536.png 863w, https:\/\/xn--srvemaa-90a.ee\/wp-content\/uploads\/2019\/12\/Triin-scaled.png 1439w\" data-sizes=\"(max-width: 576px) 100vw, 576px\" src=\"data:image\/gif;base64,R0lGODlhAQABAAAAACH5BAEKAAEALAAAAAABAAEAAAICTAEAOw==\" style=\"--smush-placeholder-width: 576px; --smush-placeholder-aspect-ratio: 576\/1024;\" \/><\/figure><\/li><\/ul><\/figure>\n\n\n\n<p>Noori inspireeris noor moekunsti-\u00fcli\u00f5pilane Karin Kreek.<\/p>\n\n\n\n<p>T\u00e4iskasvanud modellid &#8211; moekunstnikud &#8211; fotograafid &#8211; abilised:  Jaagutooma Merle,  Lepigu Merike ja Egon, Tammeougu Mari, Tammeniidi Elve, Jaanika J\u00f5gi.<\/p>\n\n\n\n<p>J\u00e4maja naiste rahvariided valmistasid ning lubasid oma riideid tarvitada Riine Soo\u00e4\u00e4r, Koidu ja Mahe Heinmaa, Jaagutooma Merle ning Koolielu Kaire.<\/p>\n\n\n\n<p>Tekstid vaatas l\u00e4bi Saaremaa rahvariiete spetsialist Mareli Rannap ning J\u00e4maja rahvariiete asjatundja Koolielu Kaire.<\/p>\n\n\n\n<p>Fotot\u00f6\u00f6tlus Tuule Sadam.<\/p>\n\n\n\n<p>Sotsiaalmeedia postitused: Jagutooma Merle ja Tammeougu Mari.<\/p>\n\n\n\n<p>Tekstide keelekorrektuuri tegi Vesikonna Katrina.<\/p>\n\n\n\n<p>Tekstide koostaja, noorte juhendaja ja projekti eestvedaja: Tammeougu Mari.<\/p>\n\n\n\n<hr class=\"wp-block-separator\"\/>\n\n\n\n<p>Projekti \u201cJ\u00e4maja naiste rahvariiete kandmistarkused k\u00e4eulatusse \u2013 eelt\u00f6\u00f6d\u201d toetavad Rahvakultuuri Keskuse kultuuriprogramm <a rel=\"noreferrer noopener\" href=\"http:\/\/www.rahvakultuur.ee\/Kultuuriprogramm_8222Saarte_par_2520\" target=\"_blank\">\u201cSaarte p\u00e4rimuslik kultuurikeskkond 2015-2019\u201d<\/a>, Saaremaa Vald ja MT\u00dc S\u00f6rvemaa P\u00e4rimuse Selts.<\/p>\n\n\n\n<p class=\"has-text-align-center\"><em>Att\u00e4h <\/em>k\u00f5ikidele vabatahtlikele abilistele!<\/p>\n\n\n\n<p><\/p>\n","protected":false},"excerpt":{"rendered":"<p>J\u00e4maja naiste rahvariiete kandmise teemalise blogi koostav meeskond, abilised ja toetajad.<\/p>\n","protected":false},"author":3,"featured_media":2232,"parent":1218,"menu_order":1,"comment_status":"closed","ping_status":"closed","template":"","meta":{"_acf_changed":false,"footnotes":""},"class_list":["post-2078","page","type-page","status-publish","has-post-thumbnail","hentry"],"acf":[],"aioseo_notices":[],"_links":{"self":[{"href":"https:\/\/xn--srvemaa-90a.ee\/index.php\/wp-json\/wp\/v2\/pages\/2078","targetHints":{"allow":["GET"]}}],"collection":[{"href":"https:\/\/xn--srvemaa-90a.ee\/index.php\/wp-json\/wp\/v2\/pages"}],"about":[{"href":"https:\/\/xn--srvemaa-90a.ee\/index.php\/wp-json\/wp\/v2\/types\/page"}],"author":[{"embeddable":true,"href":"https:\/\/xn--srvemaa-90a.ee\/index.php\/wp-json\/wp\/v2\/users\/3"}],"replies":[{"embeddable":true,"href":"https:\/\/xn--srvemaa-90a.ee\/index.php\/wp-json\/wp\/v2\/comments?post=2078"}],"version-history":[{"count":10,"href":"https:\/\/xn--srvemaa-90a.ee\/index.php\/wp-json\/wp\/v2\/pages\/2078\/revisions"}],"predecessor-version":[{"id":3263,"href":"https:\/\/xn--srvemaa-90a.ee\/index.php\/wp-json\/wp\/v2\/pages\/2078\/revisions\/3263"}],"up":[{"embeddable":true,"href":"https:\/\/xn--srvemaa-90a.ee\/index.php\/wp-json\/wp\/v2\/pages\/1218"}],"wp:featuredmedia":[{"embeddable":true,"href":"https:\/\/xn--srvemaa-90a.ee\/index.php\/wp-json\/wp\/v2\/media\/2232"}],"wp:attachment":[{"href":"https:\/\/xn--srvemaa-90a.ee\/index.php\/wp-json\/wp\/v2\/media?parent=2078"}],"curies":[{"name":"wp","href":"https:\/\/api.w.org\/{rel}","templated":true}]}}