{"id":2,"date":"2017-09-02T11:38:02","date_gmt":"2017-09-02T11:38:02","guid":{"rendered":"http:\/\/sps.k\u00fci.ee\/?page_id=2"},"modified":"2017-09-02T11:44:34","modified_gmt":"2017-09-02T09:44:34","slug":"about","status":"publish","type":"page","link":"https:\/\/xn--srvemaa-90a.ee\/index.php\/about\/","title":{"rendered":"SPS"},"content":{"rendered":"<div class=\"_4bl9\">\n<div class=\"_3-8w\">\n<p><a href=\"http:\/\/sps.k\u00fci.ee\/wp-content\/uploads\/2017\/09\/39831_116124621773024_2140669_n.jpg\"><img fetchpriority=\"high\" decoding=\"async\" class=\"size-medium wp-image-8 alignright\" src=\"http:\/\/sps.k\u00fci.ee\/wp-content\/uploads\/2017\/09\/39831_116124621773024_2140669_n-300x291.jpg\" alt=\"\" width=\"300\" height=\"291\" srcset=\"https:\/\/xn--srvemaa-90a.ee\/wp-content\/uploads\/2017\/09\/39831_116124621773024_2140669_n-300x291.jpg 300w, https:\/\/xn--srvemaa-90a.ee\/wp-content\/uploads\/2017\/09\/39831_116124621773024_2140669_n.jpg 461w\" sizes=\"(max-width: 300px) 100vw, 300px\" \/><\/a>Seltsi p\u00f5hitegevusteks on S\u00f5rvemaale ja s\u00f5rulastele omase p\u00e4rimuse (keele, kommete, (k\u00e4si)t\u00f6\u00f6v\u00f5tete, arhitektuuri, elulaadi, mustrite, laulude, m\u00e4ngude, juttude<span class=\"text_exposed_show\">\u00a0jne):<\/span><\/p>\n<ul>\n<li><span class=\"text_exposed_show\" style=\"font-size: 1rem;\"><strong>m\u00e4rkamine<\/strong><br \/>\n<\/span><span class=\"text_exposed_show\" style=\"font-size: 1rem;\"> esilet\u00f5stmine, esileto<\/span><span class=\"text_exposed_show\" style=\"font-size: 1rem;\">omine<\/span><\/li>\n<li><span class=\"text_exposed_show\"><strong>kogumine<\/strong><\/span><\/li>\n<li><span class=\"text_exposed_show\"><strong>hoidmine<br \/>\n<\/strong>s\u00e4ilitamine, kaitsmine, uurimine<\/span><\/li>\n<li><span class=\"text_exposed_show\"><strong>edasiandmine<br \/>\n<\/strong>\u00f5petamine, kasutamine, levitamine, kandmine,\u00a0<\/span><\/li>\n<\/ul>\n<\/div>\n<\/div>\n<div class=\"_4bl7\"><\/div>\n","protected":false},"excerpt":{"rendered":"<p>Seltsi p\u00f5hitegevusteks on S\u00f5rvemaale ja s\u00f5rulastele omase p\u00e4rimuse (keele, kommete, (k\u00e4si)t\u00f6\u00f6v\u00f5tete, arhitektuuri, elulaadi, mustrite, laulude, m\u00e4ngude, juttude\u00a0jne): m\u00e4rkamine esilet\u00f5stmine, esiletoomine kogumine hoidmine s\u00e4ilitamine, kaitsmine, uurimine edasiandmine \u00f5petamine, kasutamine, levitamine, kandmine,\u00a0<\/p>\n","protected":false},"author":1,"featured_media":0,"parent":0,"menu_order":0,"comment_status":"open","ping_status":"open","template":"","meta":{"_acf_changed":false,"footnotes":""},"class_list":["post-2","page","type-page","status-publish","hentry"],"acf":[],"aioseo_notices":[],"_links":{"self":[{"href":"https:\/\/xn--srvemaa-90a.ee\/index.php\/wp-json\/wp\/v2\/pages\/2","targetHints":{"allow":["GET"]}}],"collection":[{"href":"https:\/\/xn--srvemaa-90a.ee\/index.php\/wp-json\/wp\/v2\/pages"}],"about":[{"href":"https:\/\/xn--srvemaa-90a.ee\/index.php\/wp-json\/wp\/v2\/types\/page"}],"author":[{"embeddable":true,"href":"https:\/\/xn--srvemaa-90a.ee\/index.php\/wp-json\/wp\/v2\/users\/1"}],"replies":[{"embeddable":true,"href":"https:\/\/xn--srvemaa-90a.ee\/index.php\/wp-json\/wp\/v2\/comments?post=2"}],"version-history":[{"count":2,"href":"https:\/\/xn--srvemaa-90a.ee\/index.php\/wp-json\/wp\/v2\/pages\/2\/revisions"}],"predecessor-version":[{"id":17,"href":"https:\/\/xn--srvemaa-90a.ee\/index.php\/wp-json\/wp\/v2\/pages\/2\/revisions\/17"}],"wp:attachment":[{"href":"https:\/\/xn--srvemaa-90a.ee\/index.php\/wp-json\/wp\/v2\/media?parent=2"}],"curies":[{"name":"wp","href":"https:\/\/api.w.org\/{rel}","templated":true}]}}