{"id":18,"date":"2017-09-02T11:37:14","date_gmt":"2017-09-02T09:37:14","guid":{"rendered":"http:\/\/sps.k\u00fci.ee\/?page_id=18"},"modified":"2024-02-23T00:35:23","modified_gmt":"2024-02-22T22:35:23","slug":"aabits","status":"publish","type":"page","link":"https:\/\/xn--srvemaa-90a.ee\/index.php\/elementor-6574\/aabits\/","title":{"rendered":"S\u00f6rulase aabits"},"content":{"rendered":"\n<h3 class=\"wp-block-heading\"><span style=\"text-decoration: underline;\"><span style=\"font-size: 24pt; color: #ff6600; text-decoration: underline;\"><a style=\"font-style: normal; font-variant-ligatures: normal; font-variant-caps: normal; font-weight: 400; font-family: Merriweather; color: #ff6600; text-decoration: underline;\" href=\"http:\/\/xn--srvemaa-90a.ee\/index.php\/sorulase-aabitsa-luud-ning-loulud\/\">Aabitsa luud ning loulud<\/a><\/span><\/span><\/h3>\n\n\n\n<h3 class=\"wp-block-heading\"><span style=\"font-weight: 400;\">S\u00f6rulaste isioma raamat<\/span><\/h3>\n\n\n\n<p><span style=\"font-weight: 400;\"><strong>S\u00f5rvemaa<\/strong> &#8211; sedasi nimetavad Saaremaa suurimat poolsaart siinsed p\u00f5liselanikud, s\u00f5rulased. Sellel natuke saare moodi poolsaarel elavate s\u00f5rulaste olek &#8211; kombed, rahvariided, laulud, m\u00f5tted &#8211; on ikka olnud veidi teistsugune kui muidu saarlastel. M\u00f5istagi erineb k\u00f5igist teistest ka s\u00f5rve keel. N\u00fc\u00fcd on s\u00f5rulased saanud valmis esimese p\u00e4ris <\/span><i><span style=\"font-weight: 400;\">isioma <\/span><\/i><span style=\"font-weight: 400;\">raamatu.<\/span><b> \u201cS\u00f6rulase aabits\u201d on esimene otsast l\u00f5puni s\u00f5rvekeelne s\u00f5rulaseks olemisest r\u00e4\u00e4kiv raamat.<\/b><\/p>\n\n\n\n<h2 class=\"wp-block-heading\"><strong><img decoding=\"async\" class=\"size-medium wp-image-219 alignright lazyload\" data-src=\"https:\/\/sps.k\u00fci.ee\/wp-content\/uploads\/2017\/09\/sorulase_isioma_raamat-2.2-114x300.png\" alt=\"\" width=\"114\" height=\"300\" data-srcset=\"https:\/\/xn--srvemaa-90a.ee\/wp-content\/uploads\/2017\/09\/sorulase_isioma_raamat-2.2-114x300.png 114w, https:\/\/xn--srvemaa-90a.ee\/wp-content\/uploads\/2017\/09\/sorulase_isioma_raamat-2.2.png 328w\" data-sizes=\"(max-width: 114px) 100vw, 114px\" src=\"data:image\/gif;base64,R0lGODlhAQABAAAAACH5BAEKAAEALAAAAAABAAEAAAICTAEAOw==\" style=\"--smush-placeholder-width: 114px; --smush-placeholder-aspect-ratio: 114\/300;\" \/><\/strong><\/h2>\n\n\n\n<h5 class=\"wp-block-heading\"><span style=\"font-weight: 400;\">S\u00f5rulased on kuni viimase ajani teadnud hulganisti isemoodi asju. <\/span><\/h5>\n\n\n\n<p><span style=\"font-weight: 400;\">Kuidas <\/span><i><span style=\"font-weight: 400;\">k\u00e4\u00e4nisid <\/span><\/i><span style=\"font-weight: 400;\">teha? Mismoodi v\u00f5\u00f5raid <\/span><i><span style=\"font-weight: 400;\">teritada<\/span><\/i><span style=\"font-weight: 400;\">? Kuidas <\/span><i><span style=\"font-weight: 400;\">k\u00e4bapaati oolesta<\/span><\/i><span style=\"font-weight: 400;\">? Kustkandist <\/span><i><span style=\"font-weight: 400;\">\u00e4dalatuul <\/span><\/i><span style=\"font-weight: 400;\">puhub? Puudutame \u201cS\u00f6rulase aabitsas\u201d paljusid s\u00f5rulaste eluolulisi teemasid: s\u00fcnnist surmani, s\u00f6\u00f6giteost kalap\u00fc\u00fcgini, maailmaloomisest \u00fcleeilseni, meestest, naistest, lastest. Raamatust leiab suurte t\u00e4htedega l\u00fchijutte <\/span><i><span style=\"font-weight: 400;\">piskule <\/span><\/i><span style=\"font-weight: 400;\">s\u00f5rulasele ning hulga pikemaid lugusid t\u00e4isinimesele. Laulusid ja luuletusi, jutte ja n\u00e4item\u00e4nge, m\u00f5istatusi ja toiduretsepte. Jah, t\u00f5esti, raasuke r\u00e4\u00e4gime ka s\u00f5rve keele grammatikast. Eks need k\u00f5ik ole just needsamad asjad, mida omal ajal vanemailt, naabritelt, s\u00f5pradelt, t\u00f6\u00f6kaaslastelt ja teistelt kaass\u00f5rulastelt nii m\u00f6\u00f6daminnes \u00f5piti. <\/span><b>T\u00e4nap\u00e4eval on see v\u00f5imalus j\u00e4\u00e4nud vaid v\u00e4hestele. <\/b><\/p>\n\n\n\n<h5 class=\"wp-block-heading\"><b>\u201cS\u00f6rulase aabits\u201d on kokku pandud enam kui seitsmek\u00fcmne s\u00f5rulase ja s\u00f5rulaste s\u00f5bra vabatahtliku t\u00f6\u00f6 tulemusena.<\/b><\/h5>\n\n\n\n<p><span style=\"font-weight: 400;\">Aabitsalugusid saadeti meile paberkirjaga ja e-posti teel. Jutud j\u00f5udsid meieni arhiividest, p\u00e4evikutest ja ajaleheartiklitest. Osad lood olid kohe valmis raamatusse saama, osad juhtumised said aabitsaloo kirjutajaile inspiratsiooniallikaks. S\u00f5rulaste juhtumuste ainetel kirjutatud v\u00f5i vaid m\u00f5ne huvipakkuva m\u00e4lestuskatke ajendil v\u00e4ljam\u00f5eldud aabitsalugusid on raamatus vaata et k\u00f5ige rohkemgi. Tekstid on mitmete s\u00f5rulaste poolt l\u00e4bi loetud ning keeleliselt t\u00e4iendatud. Illustratsioonid valmistas naaberkihelkonna kunstnik Marek Tarkin. P\u00e4ris mitu t\u00f6\u00f6d on paberile j\u00f5udnud ka verinoorte S\u00f5rvemaal tegutsevate joonistusmeistrite pliiatsitest. Raamatu kujundas saarlane Marit Sillam\u00e4gi. Ait\u00e4h k\u00f5igile abilistele ja toetajatele!<\/span><\/p>\n\n\n\n<p><b>\u00dchine t\u00f6\u00f6 \u201cS\u00f6rulase aabitsa\u201d heaks on juba aidanud s\u00f5rulastel <\/b><b><i>isioma <\/i><\/b><b>kultuuri m\u00e4rgata.<\/b><\/p>\n\n\n\n<h3 class=\"wp-block-heading\"><span style=\"font-weight: 400;\">\u201cS\u00f6rulase aabitsa\u201d koostajad:<\/span><\/h3>\n\n\n<div class=\"wp-block-image wp-image-828\">\n<figure class=\"alignright size-medium\"><img fetchpriority=\"high\" decoding=\"async\" width=\"251\" height=\"300\" src=\"https:\/\/xn--srvemaa-90a.ee\/wp-content\/uploads\/2018\/08\/Keeleteo-yritusel-Tyris_16_03_2018-251x300.jpg\" alt=\"\" class=\"wp-image-828\" srcset=\"https:\/\/xn--srvemaa-90a.ee\/wp-content\/uploads\/2018\/08\/Keeleteo-yritusel-Tyris_16_03_2018-251x300.jpg 251w, https:\/\/xn--srvemaa-90a.ee\/wp-content\/uploads\/2018\/08\/Keeleteo-yritusel-Tyris_16_03_2018-768x916.jpg 768w, https:\/\/xn--srvemaa-90a.ee\/wp-content\/uploads\/2018\/08\/Keeleteo-yritusel-Tyris_16_03_2018-858x1024.jpg 858w, https:\/\/xn--srvemaa-90a.ee\/wp-content\/uploads\/2018\/08\/Keeleteo-yritusel-Tyris_16_03_2018-1207x1440.jpg 1207w, https:\/\/xn--srvemaa-90a.ee\/wp-content\/uploads\/2018\/08\/Keeleteo-yritusel-Tyris_16_03_2018-400x477.jpg 400w\" sizes=\"(max-width: 251px) 100vw, 251px\" \/><figcaption>Tammeougu Mari, Jaagutooma Merle ja Vesikonna Katrina Keeleteo auhindade k\u00e4ttejagamisel T\u00fcri \u00dchisg\u00fcmnaasiums. Kevad 2018.<\/figcaption><\/figure>\n<\/div>\n\n\n<ul class=\"wp-block-list\"><li><span style=\"font-weight: 400;\">Tammeougu Mari &#8211; p\u00f5line s\u00f5rulane, p\u00e4rimuskultuuri spetsialist, p\u00e4rimusringide juhendaja, Tartu \u00dclikool, PhD (taime\u00f6koloogia) <\/span><\/li><li><span style=\"font-weight: 400;\">Vesikonna Katrina &#8211; s\u00f5rvemaal s\u00fcndinud ja kasvanud p\u00f5line saarlane, keeletoimetaja Tartu \u00dclikool BA (eesti filoloogia) <\/span><\/li><li><span style=\"font-weight: 400;\">Jaagutooma Merle &#8211; p\u00f5line s\u00f5rulane, algklasside \u00f5petaja ja haridustehnoloog, Tallinna Pedagoogiline Seminar, BA (noorsoot\u00f6\u00f6)<\/span><\/li><\/ul>\n\n\n\n<p><span class=\"fontstyle0\">Korrektuur<\/span><span class=\"fontstyle1\">\u200b \u200b<\/span><span class=\"fontstyle0\">Vesikonna<\/span><span class=\"fontstyle1\">\u200b \u200b<\/span><span class=\"fontstyle0\">Katrina<br>Kujundus<\/span><span class=\"fontstyle1\">\u200b \u200b<\/span><span class=\"fontstyle0\">Marit<\/span><span class=\"fontstyle1\">\u200b \u200b<\/span><span class=\"fontstyle0\">Sillam\u00e4gi<br>Illustratsioonid<\/span><span class=\"fontstyle1\">\u200b \u200b<\/span><span class=\"fontstyle0\">Marek<\/span><span class=\"fontstyle1\">\u200b \u200b<\/span><span class=\"fontstyle0\">Tarkin<br>Aabitsat\u00e4hed<\/span><span class=\"fontstyle1\">\u200b \u200b<\/span><span class=\"fontstyle0\">Niidi<\/span><span class=\"fontstyle1\">\u200b \u200b<\/span><span class=\"fontstyle0\">Reedik<br>Pilte<\/span><span class=\"fontstyle1\">\u200b \u200b<\/span><span class=\"fontstyle0\">joonistasid<\/span><span class=\"fontstyle1\">\u200b \u200bMarek Tarkin, <\/span><span class=\"fontstyle0\">Erika<\/span><span class=\"fontstyle1\">\u200b \u200b<\/span><span class=\"fontstyle0\">Filippov,<\/span><span class=\"fontstyle1\">\u200b \u200b<\/span><span class=\"fontstyle0\">Tammeougu<\/span><span class=\"fontstyle1\">\u200b \u200b<\/span><span class=\"fontstyle0\">Mari,<\/span><span class=\"fontstyle1\">\u200b \u200b<\/span><span class=\"fontstyle0\">Liisi,<\/span><span class=\"fontstyle1\">\u200b \u200b<\/span><span class=\"fontstyle0\">Triin,<\/span><span class=\"fontstyle1\">\u200b \u200b<\/span><span class=\"fontstyle0\">P\u00e4\u00e4su,<\/span><span class=\"fontstyle1\">\u200b \u200b<\/span><span class=\"fontstyle0\">Auli<\/span><span class=\"fontstyle1\">\u200b \u200b<\/span><span class=\"fontstyle0\">ja<\/span><span class=\"fontstyle1\">\u200b \u200b<\/span><span class=\"fontstyle0\">Niidi<\/span><span class=\"fontstyle1\">\u200b \u200b<\/span><span class=\"fontstyle0\">Reedik<br>Noodigraafika<\/span><span class=\"fontstyle1\">\u200b \u200b<\/span><span class=\"fontstyle0\">Tammeougu<\/span><span class=\"fontstyle1\">\u200b \u200b<\/span><span class=\"fontstyle0\">Liisi<\/span><\/p>\n\n\n<div class=\"h5p-iframe-wrapper\"><iframe id=\"h5p-iframe-1\" class=\"h5p-iframe\" data-content-id=\"1\" style=\"height:1px\" src=\"about:blank\" frameBorder=\"0\" scrolling=\"no\" title=\"Ajajoon\"><\/iframe><\/div>\n\n\n\n<h3 class=\"wp-block-heading\">Aabitsateo toetajad<\/h3>\n\n\n\n<p>&#8220;S\u00f6rulase aabitsa&#8221; valmimine sai v\u00f5imalikuks t\u00e4nu sadadele s\u00f5rulastele, saarlastele ja lihtsalt kenadele inimestele, kes on aastate jooksul MT\u00dc S\u00f6rvemaa P\u00e4rimuse Seltsile aabitsa tarvis oma aega, t\u00f6\u00f6vahendeid v\u00f5i raha annetanud.<\/p>\n\n\n\n<p>&#8220;S\u00f6rulase aabitsa&#8221; v\u00e4ljaandmine kogus <a href=\"http:\/\/www.hooandja.ee\/projekt\/sorulase-aabitsa-valjaandmine\" target=\"_blank\" rel=\"noopener\">Hooandjas<\/a>&nbsp;108 inimese toetuse.<span style=\"font-weight: 400;\">&nbsp;<\/span><\/p>\n\n\n\n<figure class=\"wp-block-gallery has-nested-images columns-8 wp-block-gallery-1 is-layout-flex wp-block-gallery-is-layout-flex\">\n<figure class=\"wp-block-image size-large\"><img decoding=\"async\" data-id=\"241\" data-src=\"http:\/\/xn--srvemaa-90a.ee\/wp-content\/uploads\/2017\/09\/aps-logo-1.png\" alt=\"\" class=\"wp-image-241 lazyload\" src=\"data:image\/gif;base64,R0lGODlhAQABAAAAACH5BAEKAAEALAAAAAABAAEAAAICTAEAOw==\" style=\"--smush-placeholder-width: 8208px; --smush-placeholder-aspect-ratio: 8208\/5972;\" \/><\/figure>\n\n\n\n<figure class=\"wp-block-image size-full\"><img decoding=\"async\" width=\"652\" height=\"316\" data-id=\"3960\" data-src=\"https:\/\/xn--srvemaa-90a.ee\/wp-content\/uploads\/2021\/06\/Kulka_logo_sin.png\" alt=\"\" class=\"wp-image-3960 lazyload\" data-srcset=\"https:\/\/xn--srvemaa-90a.ee\/wp-content\/uploads\/2021\/06\/Kulka_logo_sin.png 652w, https:\/\/xn--srvemaa-90a.ee\/wp-content\/uploads\/2021\/06\/Kulka_logo_sin-300x145.png 300w, https:\/\/xn--srvemaa-90a.ee\/wp-content\/uploads\/2021\/06\/Kulka_logo_sin-400x194.png 400w\" data-sizes=\"(max-width: 652px) 100vw, 652px\" src=\"data:image\/gif;base64,R0lGODlhAQABAAAAACH5BAEKAAEALAAAAAABAAEAAAICTAEAOw==\" style=\"--smush-placeholder-width: 652px; --smush-placeholder-aspect-ratio: 652\/316;\" \/><\/figure>\n\n\n\n<figure class=\"wp-block-image size-full\"><img decoding=\"async\" width=\"1088\" height=\"651\" data-id=\"3963\" data-src=\"https:\/\/xn--srvemaa-90a.ee\/wp-content\/uploads\/2021\/06\/ERK_logo_EST.png\" alt=\"\" class=\"wp-image-3963 lazyload\" data-srcset=\"https:\/\/xn--srvemaa-90a.ee\/wp-content\/uploads\/2021\/06\/ERK_logo_EST.png 1088w, https:\/\/xn--srvemaa-90a.ee\/wp-content\/uploads\/2021\/06\/ERK_logo_EST-300x180.png 300w, https:\/\/xn--srvemaa-90a.ee\/wp-content\/uploads\/2021\/06\/ERK_logo_EST-1024x613.png 1024w, https:\/\/xn--srvemaa-90a.ee\/wp-content\/uploads\/2021\/06\/ERK_logo_EST-768x460.png 768w, https:\/\/xn--srvemaa-90a.ee\/wp-content\/uploads\/2021\/06\/ERK_logo_EST-400x239.png 400w\" data-sizes=\"(max-width: 1088px) 100vw, 1088px\" src=\"data:image\/gif;base64,R0lGODlhAQABAAAAACH5BAEKAAEALAAAAAABAAEAAAICTAEAOw==\" style=\"--smush-placeholder-width: 1088px; --smush-placeholder-aspect-ratio: 1088\/651;\" \/><\/figure>\n\n\n\n<figure class=\"wp-block-image size-full\"><img decoding=\"async\" width=\"147\" height=\"139\" data-id=\"236\" data-src=\"https:\/\/xn--srvemaa-90a.ee\/wp-content\/uploads\/2017\/09\/lions_logo.png\" alt=\"\" class=\"wp-image-236 lazyload\" src=\"data:image\/gif;base64,R0lGODlhAQABAAAAACH5BAEKAAEALAAAAAABAAEAAAICTAEAOw==\" style=\"--smush-placeholder-width: 147px; --smush-placeholder-aspect-ratio: 147\/139;\" \/><figcaption>LC S\u00f5rve<\/figcaption><\/figure>\n\n\n\n<figure class=\"wp-block-image size-full\"><img decoding=\"async\" width=\"1024\" height=\"405\" data-id=\"233\" data-src=\"https:\/\/xn--srvemaa-90a.ee\/wp-content\/uploads\/2017\/09\/Salme-P\u00f5hikool_1024.png\" alt=\"\" class=\"wp-image-233 lazyload\" data-srcset=\"https:\/\/xn--srvemaa-90a.ee\/wp-content\/uploads\/2017\/09\/Salme-P\u00f5hikool_1024.png 1024w, https:\/\/xn--srvemaa-90a.ee\/wp-content\/uploads\/2017\/09\/Salme-P\u00f5hikool_1024-300x119.png 300w, https:\/\/xn--srvemaa-90a.ee\/wp-content\/uploads\/2017\/09\/Salme-P\u00f5hikool_1024-768x304.png 768w\" data-sizes=\"(max-width: 1024px) 100vw, 1024px\" src=\"data:image\/gif;base64,R0lGODlhAQABAAAAACH5BAEKAAEALAAAAAABAAEAAAICTAEAOw==\" style=\"--smush-placeholder-width: 1024px; --smush-placeholder-aspect-ratio: 1024\/405;\" \/><\/figure>\n\n\n\n<figure class=\"wp-block-image size-full\"><img decoding=\"async\" width=\"102\" height=\"128\" data-id=\"235\" data-src=\"https:\/\/xn--srvemaa-90a.ee\/wp-content\/uploads\/2017\/09\/vapp_varjutatud-e1504522788608.png\" alt=\"\" class=\"wp-image-235 lazyload\" src=\"data:image\/gif;base64,R0lGODlhAQABAAAAACH5BAEKAAEALAAAAAABAAEAAAICTAEAOw==\" style=\"--smush-placeholder-width: 102px; --smush-placeholder-aspect-ratio: 102\/128;\" \/><figcaption>Salme vald<\/figcaption><\/figure>\n\n\n\n<figure class=\"wp-block-image size-full\"><img decoding=\"async\" width=\"118\" height=\"128\" data-id=\"232\" data-src=\"https:\/\/xn--srvemaa-90a.ee\/wp-content\/uploads\/2017\/09\/Torgu_volost_coa-e1504522816558.gif\" alt=\"\" class=\"wp-image-232 lazyload\" src=\"data:image\/gif;base64,R0lGODlhAQABAAAAACH5BAEKAAEALAAAAAABAAEAAAICTAEAOw==\" style=\"--smush-placeholder-width: 118px; --smush-placeholder-aspect-ratio: 118\/128;\" \/><figcaption>Torgu vald<\/figcaption><\/figure>\n<figcaption class=\"blocks-gallery-caption\">&#8220;S\u00f6rulase aabitsa&#8221; toetajad l\u00e4bi aastate<\/figcaption><\/figure>\n\n\n\n<p class=\"has-text-align-center\"><strong>Suur att\u00e4h!<\/strong><\/p>\n","protected":false},"excerpt":{"rendered":"<p>Kuidas k\u00e4\u00e4nisid teha? Mismoodi v\u00f5\u00f5raid teritada? Kuidas k\u00e4bapaati oolesta? Kustkandist \u00e4dalatuul puhub? Puudutame \u201cS\u00f6rulase aabitsas\u201d paljusid s\u00f5rulaste eluolulisi teemasid: s\u00fcnnist surmani, s\u00f6\u00f6giteost kalap\u00fc\u00fcgini, maailmaloomisest \u00fcleeilseni, meestest, naistest, lastest. Raamatust leiab suurte t\u00e4htedega l\u00fchijutte piskule s\u00f5rulasele ning hulga pikemaid lugusid t\u00e4isinimesele.<\/p>\n","protected":false},"author":1,"featured_media":1409,"parent":6574,"menu_order":0,"comment_status":"closed","ping_status":"closed","template":"","meta":{"_acf_changed":false,"footnotes":""},"class_list":["post-18","page","type-page","status-publish","has-post-thumbnail","hentry"],"acf":[],"aioseo_notices":[],"_links":{"self":[{"href":"https:\/\/xn--srvemaa-90a.ee\/index.php\/wp-json\/wp\/v2\/pages\/18","targetHints":{"allow":["GET"]}}],"collection":[{"href":"https:\/\/xn--srvemaa-90a.ee\/index.php\/wp-json\/wp\/v2\/pages"}],"about":[{"href":"https:\/\/xn--srvemaa-90a.ee\/index.php\/wp-json\/wp\/v2\/types\/page"}],"author":[{"embeddable":true,"href":"https:\/\/xn--srvemaa-90a.ee\/index.php\/wp-json\/wp\/v2\/users\/1"}],"replies":[{"embeddable":true,"href":"https:\/\/xn--srvemaa-90a.ee\/index.php\/wp-json\/wp\/v2\/comments?post=18"}],"version-history":[{"count":63,"href":"https:\/\/xn--srvemaa-90a.ee\/index.php\/wp-json\/wp\/v2\/pages\/18\/revisions"}],"predecessor-version":[{"id":6592,"href":"https:\/\/xn--srvemaa-90a.ee\/index.php\/wp-json\/wp\/v2\/pages\/18\/revisions\/6592"}],"up":[{"embeddable":true,"href":"https:\/\/xn--srvemaa-90a.ee\/index.php\/wp-json\/wp\/v2\/pages\/6574"}],"wp:featuredmedia":[{"embeddable":true,"href":"https:\/\/xn--srvemaa-90a.ee\/index.php\/wp-json\/wp\/v2\/media\/1409"}],"wp:attachment":[{"href":"https:\/\/xn--srvemaa-90a.ee\/index.php\/wp-json\/wp\/v2\/media?parent=18"}],"curies":[{"name":"wp","href":"https:\/\/api.w.org\/{rel}","templated":true}]}}