{"id":1673,"date":"2021-01-15T07:13:00","date_gmt":"2021-01-15T05:13:00","guid":{"rendered":"http:\/\/xn--srvemaa-90a.ee\/index.php\/?page_id=1673"},"modified":"2021-12-30T09:10:43","modified_gmt":"2021-12-30T07:10:43","slug":"sorve-rahva-riided","status":"publish","type":"page","link":"https:\/\/xn--srvemaa-90a.ee\/index.php\/sps\/sorve-rahva-riided\/","title":{"rendered":"S\u00f5rve riide kandmine"},"content":{"rendered":"\n<p>S\u00f5rve riided on riided, mida s\u00f5rulased kannavad. <\/p>\n\n\n\n<p>S\u00f5rulased elavad peamiselt Saaremaal S\u00f5rve poolsaarel, aga m\u00f5istagi leiab k\u00f5ikv\u00f5imalikke erandeid (<a href=\"https:\/\/xn--srvemaa-90a.ee\/index.php\/souke-sorvemaa\/tammeougu-liisi-esitatud-2020-aastalopu-kone\/\" title=\"Tammeougu Liisi esitatud 2020 aastal\u00f6pu k\u00f6ne\" target=\"_blank\" rel=\"noreferrer noopener\">l\u00e4hemalt saad sellel teemal kuulata siit<\/a>). Kitsamalt v\u00f5ttes lahutab S\u00f5rvemaad \u00fclej\u00e4\u00e4nud Saaremaast Salme j\u00f5gi. S\u00f5rulaste <em>isioma <\/em>kultuuriks peetakse Ansek\u00fcla ja J\u00e4maja kihelkonna territooriumil elava rahvakillu p\u00f5liskultuuri. <\/p>\n\n\n\n<div class=\"wp-block-media-text alignwide is-stacked-on-mobile\"><figure class=\"wp-block-media-text__media\"><img fetchpriority=\"high\" decoding=\"async\" width=\"300\" height=\"216\" src=\"https:\/\/xn--srvemaa-90a.ee\/wp-content\/uploads\/2018\/01\/kriipsujukud-s\u00f6rvemaa-300x216.png\" alt=\"\" class=\"wp-image-595 size-full\" srcset=\"https:\/\/xn--srvemaa-90a.ee\/wp-content\/uploads\/2018\/01\/kriipsujukud-s\u00f6rvemaa-300x216.png 300w, https:\/\/xn--srvemaa-90a.ee\/wp-content\/uploads\/2018\/01\/kriipsujukud-s\u00f6rvemaa-768x552.png 768w, https:\/\/xn--srvemaa-90a.ee\/wp-content\/uploads\/2018\/01\/kriipsujukud-s\u00f6rvemaa-1024x736.png 1024w, https:\/\/xn--srvemaa-90a.ee\/wp-content\/uploads\/2018\/01\/kriipsujukud-s\u00f6rvemaa-400x287.png 400w\" sizes=\"(max-width: 300px) 100vw, 300px\" \/><\/figure><div class=\"wp-block-media-text__content\">\n<p class=\"has-normal-font-size\"><em>S\u00f5rve murraku ja kirjakeele vaheldumisi kasutamine, lihtsusustatud foneetiline transkriptsioon ning kirjakeelne lause &#8220;S\u00f5rves elavad s\u00f5rulased, kes r\u00e4\u00e4givad s\u00f5rve murrakus&#8221;. <\/em><br><br><em>Tammeougu Mari joonistus 2018 artikli <a href=\"https:\/\/xn--srvemaa-90a.ee\/index.php\/souke-sorvemaa\/sorve-keel\/sorulaste-mitte-koige-oudsem-nimehada\/\" title=\"S\u00f5rulaste (mitte k\u00f5ige \u00f5udsem) nimeh\u00e4da\" target=\"_blank\" rel=\"noreferrer noopener\">&#8220;S\u00f5rulaste (mitte k\u00f5ige \u00f5udsem) nimeh\u00e4da&#8221;<\/a> juurde<\/em><\/p>\n<\/div><\/div>\n\n\n\n<hr class=\"wp-block-separator\"\/>\n\n\n\n<p>Siin artiklisarjas nimetame S\u00f5rve riideks peamiselt 19. sajandi teises pooles ja 20. sajandi esimestel k\u00fcmnenditel S\u00f5rvemaal moes olnud pidulikku riietust.<\/p>\n\n\n\n<p>S\u00f5rulaste <em>muistine <\/em>riietus sarnaneb suuresti naaberkihelkonna &#8211; Kihelkonna kihelkonna vanemate piduriietega. \u00dchisjooni leiab aga kaugemaltki. N\u00e4iteks  eestirootslaste riietest ning ka p\u00e4ris Rootsimaalt, samuti Leedust, Venemaalt jm. Eks v\u00e4ljamaa eeskujul ning \u00fcldisi moevoolusid j\u00e4rgides  siinsed riided v\u00e4lja kujunesidki. <\/p>\n\n\n\n<p>Veel 19. sajandil k\u00e4idi t\u00e4nap\u00e4eva m\u00f5istes rahvariietega igap\u00e4evaselt nii  kodus kui ka pidulikel puhkudel. Kodus talitades tarvitati lisaks  t\u00f6\u00f6riieteks \u00f5mmeldud seelikutele-p\u00fckstele ka oma aja \u00e4ra elanud pidulikke riideid. Peened tikandid ja kallid kaunistused harutati kulunud riiete k\u00fcljest hoolikalt \u00e4ra ning v\u00f5imalusel kasutati uute  piduriiete kaunistamiseks. <\/p>\n\n\n\n<p>\u00dchiskonna survel l\u00e4ks S\u00f5rve riiete avalik kandmine tasapisi moest.  Linnamoeliste riietega poosetajad olid selleks ajaks teoorjusest vabanenud talupojariiete kandjaist lihtsalt lugupeetavamad. 20. sajandi  algul said rahvariided uue, olgugi et m\u00f5nev\u00f5rra moondunud elu esinemiskost\u00fc\u00fcmidena. Sellegipoolest olid viimased S\u00f5rve kuued koduselt tarvitusel veel II maailmas\u00f5ja eel.<\/p>\n\n\n\n<p><\/p>\n\n\n\n<blockquote class=\"wp-block-quote is-layout-flow wp-block-quote-is-layout-flow\"><p>Elu n\u00e4itab, et <em>s\u00fcndind<\/em> s\u00f5rulased \u00fchegi kaugema kihelkonna rahvariideid naljalt ei kanna. <\/p><\/blockquote>\n\n\n\n<div class=\"wp-block-columns is-layout-flex wp-container-core-columns-is-layout-9d6595d7 wp-block-columns-is-layout-flex\">\n<div class=\"wp-block-column is-layout-flow wp-block-column-is-layout-flow\" style=\"flex-basis:100%\">\n<figure class=\"wp-block-gallery columns-1 is-cropped wp-block-gallery-1 is-layout-flex wp-block-gallery-is-layout-flex\"><ul class=\"blocks-gallery-grid\"><li class=\"blocks-gallery-item\"><figure><a href=\"https:\/\/xn--srvemaa-90a.ee\/wp-content\/uploads\/2021\/01\/Ansekula-ja-Jamaja-neiud-2015.jpg\"><img decoding=\"async\" width=\"1024\" height=\"676\" data-src=\"https:\/\/xn--srvemaa-90a.ee\/wp-content\/uploads\/2021\/01\/Ansekula-ja-Jamaja-neiud-2015-1024x676.jpg\" alt=\"\" data-id=\"3570\" data-full-url=\"https:\/\/xn--srvemaa-90a.ee\/wp-content\/uploads\/2021\/01\/Ansekula-ja-Jamaja-neiud-2015.jpg\" data-link=\"https:\/\/xn--srvemaa-90a.ee\/index.php\/?attachment_id=3570\" class=\"wp-image-3570 lazyload\" data-srcset=\"https:\/\/xn--srvemaa-90a.ee\/wp-content\/uploads\/2021\/01\/Ansekula-ja-Jamaja-neiud-2015-1024x676.jpg 1024w, https:\/\/xn--srvemaa-90a.ee\/wp-content\/uploads\/2021\/01\/Ansekula-ja-Jamaja-neiud-2015-300x198.jpg 300w, https:\/\/xn--srvemaa-90a.ee\/wp-content\/uploads\/2021\/01\/Ansekula-ja-Jamaja-neiud-2015-768x507.jpg 768w, https:\/\/xn--srvemaa-90a.ee\/wp-content\/uploads\/2021\/01\/Ansekula-ja-Jamaja-neiud-2015-1536x1015.jpg 1536w, https:\/\/xn--srvemaa-90a.ee\/wp-content\/uploads\/2021\/01\/Ansekula-ja-Jamaja-neiud-2015-1440x951.jpg 1440w, https:\/\/xn--srvemaa-90a.ee\/wp-content\/uploads\/2021\/01\/Ansekula-ja-Jamaja-neiud-2015-400x264.jpg 400w, https:\/\/xn--srvemaa-90a.ee\/wp-content\/uploads\/2021\/01\/Ansekula-ja-Jamaja-neiud-2015.jpg 1600w\" data-sizes=\"(max-width: 1024px) 100vw, 1024px\" src=\"data:image\/gif;base64,R0lGODlhAQABAAAAACH5BAEKAAEALAAAAAABAAEAAAICTAEAOw==\" style=\"--smush-placeholder-width: 1024px; --smush-placeholder-aspect-ratio: 1024\/676;\" \/><\/a><\/figure><\/li><\/ul><figcaption class=\"blocks-gallery-caption\"><em>Ansek\u00fcla ja J\u00e4maja rahvariided. Pildistas Margus Lepik 2015<\/em><\/figcaption><\/figure>\n\n\n\n<hr class=\"wp-block-separator\"\/>\n<\/div>\n<\/div>\n\n\n\n<h3 class=\"wp-block-heading\">Kuidas kanda?<\/h3>\n\n\n\n<p>Kuidas on korrektne esivanemailt p\u00e4ritud kuube kanda? <\/p>\n\n\n\n<p>Mida k\u00e4tte, mida jalga sobitada? <\/p>\n\n\n\n<p>Kuidas v\u00f6\u00f6d v\u00f5ruda? <\/p>\n\n\n\n<p>Millal \u00fcldse s\u00f5rve riideid kanda? <\/p>\n\n\n\n<p>Mille juurde s\u00f5rve riideid kanda?<\/p>\n\n\n\n<p>M\u00f5nele k\u00fcsimusele leiad vastuse vanavanaemalt k\u00fcsides. Nii m\u00f5nigi teadmine on peidus muuseumis, paksus raamatus v\u00f5i sajanditaguses koolipoisi kirjapanekus. Vastuseid v\u00f5ib leida nii tuhmuvalt fotolt kui vihikusse kritseldatud skeemilt. Rida vihjeid S\u00f5rve riiete kandmiseks peitub regilauludes, kohanimedes, vanades kommetes, naaberrahvaste garderoobis. <\/p>\n\n\n\n<p>Osad neist teadmistest on Tammeougu Mari kokku koondanud ja kirja pannud artiklisarjaks &#8220;S\u00f5rve riide kandmine&#8221;. Tekstid on illustreeritud s\u00f5rve noorte loodud fotodega. Viited muuseumides ning ka mujalt leitavale materjalile viivad ehk S\u00f5rve riiete vastu s\u00fcgavama huvi tundja vastu uutele avastustele.<\/p>\n\n\n\n<h3 class=\"wp-block-heading\"><a href=\"https:\/\/xn--srvemaa-90a.ee\/category\/souke-sorvemaa\/ansekula-naiste-rahvariided\/\">Ansek\u00fcla naiseriiete kandmine<\/a><\/h3>\n\n\n\n<ul class=\"wp-block-list\"><li><a href=\"https:\/\/xn--srvemaa-90a.ee\/index.php\/souke-sorvemaa\/ansekula-naiste-rahvariided\/sukad-ning-sukapailad-sukad-ja-sukapaelad\/\" title=\"Sukad ning sukapailad \u2013 sukad ja sukapaelad\">Sukad ning sukapailad<\/a><\/li><li><a href=\"https:\/\/xn--srvemaa-90a.ee\/index.php\/souke-sorvemaa\/ansekula-naiste-rahvariided\/sark-ning-kaised-sark-ja-kaised\/\" title=\"S\u00e4rk ning k\u00e4ised \u2013 s\u00e4rk ja k\u00e4ised\">S\u00e4rk ning k\u00e4ised<\/a><\/li><li><a href=\"https:\/\/xn--srvemaa-90a.ee\/index.php\/souke-sorvemaa\/ansekula-naiste-rahvariided\/noobid\/\" title=\"N\u00f6\u00f6bid\">N\u00f6\u00f6bid<\/a><\/li><li><a href=\"https:\/\/xn--srvemaa-90a.ee\/index.php\/souke-sorvemaa\/juused-juuksed\/\" title=\"Juused \u2013 juuksed\">Juused<\/a><\/li><li><a href=\"https:\/\/xn--srvemaa-90a.ee\/index.php\/souke-sorvemaa\/kuub-seelik\/\" title=\"Kuub \u2013 seelik\">Kuub<\/a><\/li><li><a href=\"https:\/\/xn--srvemaa-90a.ee\/index.php\/souke-sorvemaa\/ansekula-naiste-rahvariided\/tasu-ning-poll-tasku-ja-poll\/\" title=\"Tasu ning p\u00f6ll \u2013 tasku ja p\u00f5ll\">Tasu ning p\u00f6ll<\/a><\/li><li><a href=\"https:\/\/xn--srvemaa-90a.ee\/index.php\/souke-sorvemaa\/ansekula-naiste-rahvariided\/oopail-voo\/\" title=\"\u00d6\u00f6pail \u2013 v\u00f6\u00f6\">\u00d6\u00f6pail<\/a><\/li><li><a href=\"https:\/\/xn--srvemaa-90a.ee\/index.php\/souke-sorvemaa\/ansekula-naiste-rahvariided\/elmed-ning-preesised-ehted\/\" title=\"Elmed ning preesised \u2013 ehted\">Elmed ning preesised<\/a><\/li><li><a href=\"https:\/\/xn--srvemaa-90a.ee\/souke-sorvemaa\/ansekula-naiste-rahvariided\/patid-ning-kingad-patid-ja-kingad\/\" title=\"P\u00e4tid ning kingad \u2013 jalan\u00f5ud\">P\u00e4tid ning kingad<\/a><\/li><li><a href=\"https:\/\/xn--srvemaa-90a.ee\/souke-sorvemaa\/ansekula-naiste-rahvariided\/muts\/\">M\u00fcts<\/a><\/li><li><a href=\"https:\/\/xn--srvemaa-90a.ee\/souke-sorvemaa\/ansekula-naiste-rahvariided\/ratigud-ratid\/\">R\u00e4tigud<\/a><\/li><li><a href=\"https:\/\/xn--srvemaa-90a.ee\/souke-sorvemaa\/ansekula-naiste-rahvariided\/vammus\/\">Vammus<\/a><\/li><li><a href=\"https:\/\/xn--srvemaa-90a.ee\/souke-sorvemaa\/ansekula-naiste-rahvariided\/kindad\/\">Kindad<\/a><\/li><li><a href=\"https:\/\/xn--srvemaa-90a.ee\/souke-sorvemaa\/jokk-jakk\/\">J\u00f6kk<\/a><\/li><\/ul>\n\n\n\n<p><a href=\"https:\/\/youtu.be\/Fm3XBAYdezY\" target=\"_blank\" rel=\"noreferrer noopener\">Vaata ka Mareli Rannapi tehtud filmi sellest, mismoodi Ansek\u00fcla naine end riidesse paneb.<\/a><\/p>\n\n\n\n<h2 class=\"wp-block-heading\"><a href=\"https:\/\/xn--srvemaa-90a.ee\/category\/souke-sorvemaa\/jamaja-naiste-rahvariided\/\">J\u00e4maja naiseriiete kandmine<\/a><\/h2>\n\n\n\n<ul class=\"wp-block-list\"><li><a href=\"https:\/\/xn--srvemaa-90a.ee\/index.php\/souke-sorvemaa\/sukad-sukavarred-sukapailad\/\" title=\"Sukad, sukavarred, sukapailad \u2013 sukad, s\u00e4\u00e4rised, sukapaelad\">Sukad, sukavarred ning sukapailad<\/a><\/li><li><a href=\"https:\/\/xn--srvemaa-90a.ee\/index.php\/souke-sorvemaa\/sark-ning-kaised-2\/\" title=\"S\u00e4rk ning k\u00e4ised \u2013 s\u00e4rk ja k\u00e4ised\">S\u00e4rk ning k\u00e4ised<\/a><\/li><li><a href=\"https:\/\/xn--srvemaa-90a.ee\/souke-sorvemaa\/porst-ning-kuub\/\">Porst ning kuub<\/a><\/li><li><a href=\"https:\/\/xn--srvemaa-90a.ee\/souke-sorvemaa\/jamaja-poll-ning-tasu\/\">P\u00f6ll ning tasu<\/a><\/li><li><a href=\"https:\/\/xn--srvemaa-90a.ee\/souke-sorvemaa\/kirivoo\/\">\u00d6\u00f6pail<\/a><\/li><li><a href=\"https:\/\/xn--srvemaa-90a.ee\/souke-sorvemaa\/jamaja-naiste-rahvariided\/jamaja-ehted\/\">Elmed, preesised ning vahedega n\u00f6\u00f6bid<\/a><\/li><li><a href=\"https:\/\/xn--srvemaa-90a.ee\/souke-sorvemaa\/jamaja-naiste-rahvariided\/patid-ning-kingad\/\">P\u00e4tid ning kingad<\/a><\/li><li><a href=\"https:\/\/xn--srvemaa-90a.ee\/souke-sorvemaa\/jamaja-naiste-rahvariided\/peakatted\/\">M\u00fcts, \u00fcll, lina ning tanu<\/a><\/li><li><a href=\"https:\/\/xn--srvemaa-90a.ee\/index.php\/souke-sorvemaa\/jamaja-naiste-rahvariided\/ratikud\/\" title=\"R\u00e4tigud \u2013 r\u00e4tikud\">R\u00e4tigud<\/a><\/li><li><a href=\"https:\/\/xn--srvemaa-90a.ee\/souke-sorvemaa\/jamaja-naiste-rahvariided\/vammus-2\/\">Vammus<\/a><\/li><li><a href=\"https:\/\/xn--srvemaa-90a.ee\/souke-sorvemaa\/jamaja-naiste-rahvariided\/jokk-ning-kootud-kaised\/\">J\u00f6kk ning kootud k\u00e4ised<\/a><\/li><\/ul>\n\n\n\n<p> <a href=\"https:\/\/youtu.be\/tvRyeKbPRbs\" target=\"_blank\" rel=\"noreferrer noopener\" title=\"https:\/\/youtu.be\/Fm3XBAYdezY\">Vaata ka Mareli Rannapi tehtud filmi sellest, mismoodi J\u00e4maja naine end riidesse paneb.<\/a> <\/p>\n\n\n\n<h2 class=\"wp-block-heading\"><a href=\"https:\/\/xn--srvemaa-90a.ee\/category\/souke-sorvemaa\/sorve-meeste-rahvariided\/\">S\u00f5rve meheriiete kandmine<\/a><\/h2>\n\n\n\n<ul class=\"wp-block-list\"><li><a href=\"https:\/\/xn--srvemaa-90a.ee\/index.php\/souke-sorvemaa\/sark-ning-alussark\/\" target=\"_blank\" rel=\"noreferrer noopener\" title=\"S\u00e4rk ning aluss\u00e4rk\">S\u00e4rk ning aluss\u00e4rk<\/a><\/li><li><a href=\"https:\/\/xn--srvemaa-90a.ee\/index.php\/souke-sorvemaa\/puksid\/\" target=\"_blank\" rel=\"noreferrer noopener\" title=\"P\u00fcksid\">P\u00fcksid<\/a><\/li><li><a href=\"https:\/\/xn--srvemaa-90a.ee\/index.php\/souke-sorvemaa\/sukad-sokid-kaapetad\/\">Sukad-sokid-kaapetad ning sukapailad \u2013 p\u00f5lvikud, sokid ja sukapaelad<\/a><\/li><li><a href=\"https:\/\/xn--srvemaa-90a.ee\/index.php\/souke-sorvemaa\/vest\/\">Vest<\/a><\/li><li><a href=\"https:\/\/xn--srvemaa-90a.ee\/index.php\/souke-sorvemaa\/meeste_yleriided\/\">J\u00f6kk, troi, vatt, kasuk \u2013 \u00fcleriided<\/a><\/li><li><a href=\"https:\/\/xn--srvemaa-90a.ee\/index.php\/souke-sorvemaa\/noobid-preesid-sormuksed\/\">N\u00f6\u00f6bid, preesid, s\u00f6rmuksed \u2013 ehted<\/a><\/li><li><a href=\"https:\/\/xn--srvemaa-90a.ee\/index.php\/souke-sorvemaa\/kailaratik\/\">Kailar\u00e4tik \u2013 kaelar\u00e4tt<\/a><\/li><li><a href=\"https:\/\/xn--srvemaa-90a.ee\/index.php\/souke-sorvemaa\/kindad-ning-kapused\/\">Kindad ning k\u00e4pused \u2013 kindad ja poolkindad<\/a><\/li><li><a href=\"https:\/\/xn--srvemaa-90a.ee\/index.php\/souke-sorvemaa\/jalanoud\/\">P\u00e4tid, saapad, kingad \u2013 jalan\u00f5ud<\/a><\/li><li><a href=\"https:\/\/xn--srvemaa-90a.ee\/index.php\/souke-sorvemaa\/muts-2\/\">M\u00fcts<\/a><\/li><\/ul>\n\n\n\n<hr class=\"wp-block-separator\"\/>\n\n\n\n<p>Projekte &nbsp;\u201cAnsek\u00fcla naiste rahvariiete kandmistarkused k\u00e4eulatusse \u2013 eelt\u00f6\u00f6d\u201d, \u201cJ\u00e4maja naiste rahvariiete kandmistarkused k\u00e4eulatusse \u2013 eelt\u00f6\u00f6d\u201d toetasid Rahvakultuuri Keskuse kultuuriprogramm<a href=\"http:\/\/www.rahvakultuur.ee\/Kultuuriprogramm_8222Saarte_par_2520\">&nbsp;\u201cSaarte p\u00e4rimuslik kultuurikeskkond 2015\u20132019\u201d<\/a> ja Saaremaa vald ning projekti \u201cS\u00f5rve meeste rahvariiete kandmistarkused k\u00e4eulatusse \u2013 eelt\u00f6\u00f6d\u201d Rahvakultuuri Keskuse programm \u201c<a href=\"https:\/\/rahvakultuur.ee\/toetused\/toetusmeetmed\/saarte-parimuskultuuri-toetamine\/\">Saarte p\u00e4rimuskultuuri toetamine\u201d<\/a>. <\/p>\n\n\n\n<hr class=\"wp-block-separator\"\/>\n\n\n\n<p>Projektid viis ellu MT\u00dc S\u00f6rvemaa P\u00e4rimuse Selts koos k\u00fcmnete vabatahtlikega! <\/p>\n\n\n\n<p><a href=\"https:\/\/xn--srvemaa-90a.ee\/sps\/seltsi-ettevotmised\/rahvariideblogi-meeskond\/\">Meie meeskond hooajal 2018-2019 <\/a><\/p>\n\n\n\n<p><a href=\"https:\/\/xn--srvemaa-90a.ee\/sps\/seltsi-ettevotmised\/jamaja-naiste-rahvariiete-kandmistarkused-kaeulatusse\/\">Meie meeskond hooajal 2019 &#8211; 2020<\/a><\/p>\n\n\n\n<p><a href=\"https:\/\/xn--srvemaa-90a.ee\/sps\/seltsi-ettevotmised\/sorve-meeste-rahvariiete-kandmistarkused-kaeulatusse\/\">Meie meeskond hooajal 2020 &#8211; 2021<\/a><\/p>\n\n\n\n<p><\/p>\n\n\n\n<p class=\"has-text-align-center\"><strong><em>Suur-suur att\u00e4h <\/em>k\u00f5igile osalistele!<\/strong><\/p>\n","protected":false},"excerpt":{"rendered":"<p>Rahvariideid saab mitut moodi selga panna. M\u00f5ni moe on muistne, m\u00f5ni ete-moekas. P\u00e4ritud teadmised koos muuseumit\u00f6\u00f6 ning v\u00e4rskete vaadetega riietumisele kohtuvad artikli- ja fotoseerias &#8220;S\u00f5rve riide kandmine&#8221;.<\/p>\n","protected":false},"author":3,"featured_media":3571,"parent":30,"menu_order":0,"comment_status":"closed","ping_status":"closed","template":"","meta":{"_acf_changed":false,"footnotes":""},"class_list":["post-1673","page","type-page","status-publish","has-post-thumbnail","hentry"],"acf":[],"aioseo_notices":[],"_links":{"self":[{"href":"https:\/\/xn--srvemaa-90a.ee\/index.php\/wp-json\/wp\/v2\/pages\/1673","targetHints":{"allow":["GET"]}}],"collection":[{"href":"https:\/\/xn--srvemaa-90a.ee\/index.php\/wp-json\/wp\/v2\/pages"}],"about":[{"href":"https:\/\/xn--srvemaa-90a.ee\/index.php\/wp-json\/wp\/v2\/types\/page"}],"author":[{"embeddable":true,"href":"https:\/\/xn--srvemaa-90a.ee\/index.php\/wp-json\/wp\/v2\/users\/3"}],"replies":[{"embeddable":true,"href":"https:\/\/xn--srvemaa-90a.ee\/index.php\/wp-json\/wp\/v2\/comments?post=1673"}],"version-history":[{"count":30,"href":"https:\/\/xn--srvemaa-90a.ee\/index.php\/wp-json\/wp\/v2\/pages\/1673\/revisions"}],"predecessor-version":[{"id":4351,"href":"https:\/\/xn--srvemaa-90a.ee\/index.php\/wp-json\/wp\/v2\/pages\/1673\/revisions\/4351"}],"up":[{"embeddable":true,"href":"https:\/\/xn--srvemaa-90a.ee\/index.php\/wp-json\/wp\/v2\/pages\/30"}],"wp:featuredmedia":[{"embeddable":true,"href":"https:\/\/xn--srvemaa-90a.ee\/index.php\/wp-json\/wp\/v2\/media\/3571"}],"wp:attachment":[{"href":"https:\/\/xn--srvemaa-90a.ee\/index.php\/wp-json\/wp\/v2\/media?parent=1673"}],"curies":[{"name":"wp","href":"https:\/\/api.w.org\/{rel}","templated":true}]}}