{"id":1237,"date":"2018-11-22T08:49:56","date_gmt":"2018-11-22T06:49:56","guid":{"rendered":"http:\/\/xn--srvemaa-90a.ee\/index.php\/?page_id=1237"},"modified":"2019-09-28T16:26:26","modified_gmt":"2019-09-28T14:26:26","slug":"rahvariideblogi-meeskond","status":"publish","type":"page","link":"https:\/\/xn--srvemaa-90a.ee\/index.php\/sps\/seltsi-ettevotmised\/rahvariideblogi-meeskond\/","title":{"rendered":"Ansek\u00fcla naiste rahvariiete kandmistarkused k\u00e4eulatusse"},"content":{"rendered":"<hr \/>\n<p><strong>Suvi 2018 &#8211; suvi 2019<\/strong><\/p>\n<p>Meie eesm\u00e4rk on Ansek\u00fcla rahvariiete kandmisoskuste parandamine ning kandmisjulguse suurendamine. Selleks valmistamea ette ja teeme k\u00f5igile huvilistele \u00fcle interneti k\u00e4ttesaadavaks kirjeldused ja fotod Ansek\u00fcla naiste rahvariiete korrektsest kandmisest. Kokku ilmub <a href=\"https:\/\/s\u00f6rvemaa.ee\/category\/souke-sorvemaa\/ansekula-naiste-rahvariided\/\" target=\"_blank\" rel=\"noopener noreferrer\">14 artiklit<\/a> koos fotode ja murdekeelse terminoloogiaga v\u00f5rgulehel s\u00f6rvemaa.ee ja igan\u00e4dalased fotopostitused meie seltsi Facebook\u2019i ja Instagram\u2019i kontol<\/p>\n<p>Olulisimaks sihtr\u00fchmaks on s\u00f5rve noored, aga soovime j\u00f5uda v\u00f5imalikult paljude Ansek\u00fcla rahvariideid kandvate naisteni. \u00dcheks oluliseks teet\u00e4hiseks on 2019. a suvel toimuv laulu- ja tantsupidu, kus osalejate jaoks on rahvariiete kandmisoskused v\u00e4gagi olulised.<\/p>\n<hr \/>\n<p>S\u00f5rve noorte moekunstnike, modellide ja pildistajate meeskond:<\/p>\n<div id='gallery-1' class='gallery galleryid-1237 gallery-columns-5 gallery-size-medium'><figure class='gallery-item'>\n\t\t\t<div class='gallery-icon portrait'>\n\t\t\t\t<a href='https:\/\/xn--srvemaa-90a.ee\/wp-content\/uploads\/2018\/11\/1-IMG_4215.jpg'><img fetchpriority=\"high\" decoding=\"async\" width=\"240\" height=\"300\" src=\"https:\/\/xn--srvemaa-90a.ee\/wp-content\/uploads\/2018\/11\/1-IMG_4215-240x300.jpg\" class=\"attachment-medium size-medium\" alt=\"\" aria-describedby=\"gallery-1-1100\" srcset=\"https:\/\/xn--srvemaa-90a.ee\/wp-content\/uploads\/2018\/11\/1-IMG_4215-240x300.jpg 240w, https:\/\/xn--srvemaa-90a.ee\/wp-content\/uploads\/2018\/11\/1-IMG_4215-768x962.jpg 768w, https:\/\/xn--srvemaa-90a.ee\/wp-content\/uploads\/2018\/11\/1-IMG_4215-818x1024.jpg 818w, https:\/\/xn--srvemaa-90a.ee\/wp-content\/uploads\/2018\/11\/1-IMG_4215-1150x1440.jpg 1150w, https:\/\/xn--srvemaa-90a.ee\/wp-content\/uploads\/2018\/11\/1-IMG_4215-400x501.jpg 400w, https:\/\/xn--srvemaa-90a.ee\/wp-content\/uploads\/2018\/11\/1-IMG_4215.jpg 1944w\" sizes=\"(max-width: 240px) 100vw, 240px\" \/><\/a>\n\t\t\t<\/div>\n\t\t\t\t<figcaption class='wp-caption-text gallery-caption' id='gallery-1-1100'>\n\t\t\t\tTammeougu Liisi\n\t\t\t\t<\/figcaption><\/figure><figure class='gallery-item'>\n\t\t\t<div class='gallery-icon portrait'>\n\t\t\t\t<a href='https:\/\/xn--srvemaa-90a.ee\/wp-content\/uploads\/2018\/11\/IMG_1261.jpg'><img decoding=\"async\" width=\"240\" height=\"300\" data-src=\"https:\/\/xn--srvemaa-90a.ee\/wp-content\/uploads\/2018\/11\/IMG_1261-240x300.jpg\" class=\"attachment-medium size-medium lazyload\" alt=\"\" aria-describedby=\"gallery-1-1102\" data-srcset=\"https:\/\/xn--srvemaa-90a.ee\/wp-content\/uploads\/2018\/11\/IMG_1261-240x300.jpg 240w, https:\/\/xn--srvemaa-90a.ee\/wp-content\/uploads\/2018\/11\/IMG_1261-768x959.jpg 768w, https:\/\/xn--srvemaa-90a.ee\/wp-content\/uploads\/2018\/11\/IMG_1261-820x1024.jpg 820w, https:\/\/xn--srvemaa-90a.ee\/wp-content\/uploads\/2018\/11\/IMG_1261-1153x1440.jpg 1153w, https:\/\/xn--srvemaa-90a.ee\/wp-content\/uploads\/2018\/11\/IMG_1261-400x500.jpg 400w\" data-sizes=\"(max-width: 240px) 100vw, 240px\" src=\"data:image\/gif;base64,R0lGODlhAQABAAAAACH5BAEKAAEALAAAAAABAAEAAAICTAEAOw==\" style=\"--smush-placeholder-width: 240px; --smush-placeholder-aspect-ratio: 240\/300;\" \/><\/a>\n\t\t\t<\/div>\n\t\t\t\t<figcaption class='wp-caption-text gallery-caption' id='gallery-1-1102'>\n\t\t\t\tTammeougu Triin\n\t\t\t\t<\/figcaption><\/figure><figure class='gallery-item'>\n\t\t\t<div class='gallery-icon portrait'>\n\t\t\t\t<a href='https:\/\/xn--srvemaa-90a.ee\/wp-content\/uploads\/2018\/11\/1-IMG_1493.jpg'><img decoding=\"async\" width=\"240\" height=\"300\" data-src=\"https:\/\/xn--srvemaa-90a.ee\/wp-content\/uploads\/2018\/11\/1-IMG_1493-240x300.jpg\" class=\"attachment-medium size-medium lazyload\" alt=\"\" aria-describedby=\"gallery-1-1099\" data-srcset=\"https:\/\/xn--srvemaa-90a.ee\/wp-content\/uploads\/2018\/11\/1-IMG_1493-240x300.jpg 240w, https:\/\/xn--srvemaa-90a.ee\/wp-content\/uploads\/2018\/11\/1-IMG_1493-400x500.jpg 400w, https:\/\/xn--srvemaa-90a.ee\/wp-content\/uploads\/2018\/11\/1-IMG_1493.jpg 470w\" data-sizes=\"(max-width: 240px) 100vw, 240px\" src=\"data:image\/gif;base64,R0lGODlhAQABAAAAACH5BAEKAAEALAAAAAABAAEAAAICTAEAOw==\" style=\"--smush-placeholder-width: 240px; --smush-placeholder-aspect-ratio: 240\/300;\" \/><\/a>\n\t\t\t<\/div>\n\t\t\t\t<figcaption class='wp-caption-text gallery-caption' id='gallery-1-1099'>\n\t\t\t\tMeriraja Eliise\n\t\t\t\t<\/figcaption><\/figure><figure class='gallery-item'>\n\t\t\t<div class='gallery-icon portrait'>\n\t\t\t\t<a href='https:\/\/xn--srvemaa-90a.ee\/wp-content\/uploads\/2018\/11\/1-IMG_0024.jpg'><img decoding=\"async\" width=\"241\" height=\"300\" data-src=\"https:\/\/xn--srvemaa-90a.ee\/wp-content\/uploads\/2018\/11\/1-IMG_0024-241x300.jpg\" class=\"attachment-medium size-medium lazyload\" alt=\"\" aria-describedby=\"gallery-1-1095\" data-srcset=\"https:\/\/xn--srvemaa-90a.ee\/wp-content\/uploads\/2018\/11\/1-IMG_0024-241x300.jpg 241w, https:\/\/xn--srvemaa-90a.ee\/wp-content\/uploads\/2018\/11\/1-IMG_0024-400x498.jpg 400w, https:\/\/xn--srvemaa-90a.ee\/wp-content\/uploads\/2018\/11\/1-IMG_0024.jpg 618w\" data-sizes=\"(max-width: 241px) 100vw, 241px\" src=\"data:image\/gif;base64,R0lGODlhAQABAAAAACH5BAEKAAEALAAAAAABAAEAAAICTAEAOw==\" style=\"--smush-placeholder-width: 241px; --smush-placeholder-aspect-ratio: 241\/300;\" \/><\/a>\n\t\t\t<\/div>\n\t\t\t\t<figcaption class='wp-caption-text gallery-caption' id='gallery-1-1095'>\n\t\t\t\tTammeniidi Hanna\n\t\t\t\t<\/figcaption><\/figure><figure class='gallery-item'>\n\t\t\t<div class='gallery-icon portrait'>\n\t\t\t\t<a href='https:\/\/xn--srvemaa-90a.ee\/wp-content\/uploads\/2018\/11\/1-IMG_1190.jpg'><img decoding=\"async\" width=\"240\" height=\"300\" data-src=\"https:\/\/xn--srvemaa-90a.ee\/wp-content\/uploads\/2018\/11\/1-IMG_1190-240x300.jpg\" class=\"attachment-medium size-medium lazyload\" alt=\"\" aria-describedby=\"gallery-1-1098\" data-srcset=\"https:\/\/xn--srvemaa-90a.ee\/wp-content\/uploads\/2018\/11\/1-IMG_1190-240x300.jpg 240w, https:\/\/xn--srvemaa-90a.ee\/wp-content\/uploads\/2018\/11\/1-IMG_1190-768x960.jpg 768w, https:\/\/xn--srvemaa-90a.ee\/wp-content\/uploads\/2018\/11\/1-IMG_1190-819x1024.jpg 819w, https:\/\/xn--srvemaa-90a.ee\/wp-content\/uploads\/2018\/11\/1-IMG_1190-1152x1440.jpg 1152w, https:\/\/xn--srvemaa-90a.ee\/wp-content\/uploads\/2018\/11\/1-IMG_1190-400x500.jpg 400w, https:\/\/xn--srvemaa-90a.ee\/wp-content\/uploads\/2018\/11\/1-IMG_1190.jpg 1702w\" data-sizes=\"(max-width: 240px) 100vw, 240px\" src=\"data:image\/gif;base64,R0lGODlhAQABAAAAACH5BAEKAAEALAAAAAABAAEAAAICTAEAOw==\" style=\"--smush-placeholder-width: 240px; --smush-placeholder-aspect-ratio: 240\/300;\" \/><\/a>\n\t\t\t<\/div>\n\t\t\t\t<figcaption class='wp-caption-text gallery-caption' id='gallery-1-1098'>\n\t\t\t\tVainu Tiina\n\t\t\t\t<\/figcaption><\/figure><figure class='gallery-item'>\n\t\t\t<div class='gallery-icon portrait'>\n\t\t\t\t<a href='https:\/\/xn--srvemaa-90a.ee\/wp-content\/uploads\/2018\/11\/1-IMG_0618.jpg'><img decoding=\"async\" width=\"240\" height=\"300\" data-src=\"https:\/\/xn--srvemaa-90a.ee\/wp-content\/uploads\/2018\/11\/1-IMG_0618-240x300.jpg\" class=\"attachment-medium size-medium lazyload\" alt=\"\" aria-describedby=\"gallery-1-1097\" data-srcset=\"https:\/\/xn--srvemaa-90a.ee\/wp-content\/uploads\/2018\/11\/1-IMG_0618-240x300.jpg 240w, https:\/\/xn--srvemaa-90a.ee\/wp-content\/uploads\/2018\/11\/1-IMG_0618-768x960.jpg 768w, https:\/\/xn--srvemaa-90a.ee\/wp-content\/uploads\/2018\/11\/1-IMG_0618-819x1024.jpg 819w, https:\/\/xn--srvemaa-90a.ee\/wp-content\/uploads\/2018\/11\/1-IMG_0618-400x500.jpg 400w, https:\/\/xn--srvemaa-90a.ee\/wp-content\/uploads\/2018\/11\/1-IMG_0618.jpg 1066w\" data-sizes=\"(max-width: 240px) 100vw, 240px\" src=\"data:image\/gif;base64,R0lGODlhAQABAAAAACH5BAEKAAEALAAAAAABAAEAAAICTAEAOw==\" style=\"--smush-placeholder-width: 240px; --smush-placeholder-aspect-ratio: 240\/300;\" \/><\/a>\n\t\t\t<\/div>\n\t\t\t\t<figcaption class='wp-caption-text gallery-caption' id='gallery-1-1097'>\n\t\t\t\tTammeougu P\u00e4\u00e4su\n\t\t\t\t<\/figcaption><\/figure><figure class='gallery-item'>\n\t\t\t<div class='gallery-icon portrait'>\n\t\t\t\t<a href='https:\/\/xn--srvemaa-90a.ee\/wp-content\/uploads\/2018\/11\/1-IMG_0104-001.jpg'><img decoding=\"async\" width=\"240\" height=\"300\" data-src=\"https:\/\/xn--srvemaa-90a.ee\/wp-content\/uploads\/2018\/11\/1-IMG_0104-001-240x300.jpg\" class=\"attachment-medium size-medium lazyload\" alt=\"\" aria-describedby=\"gallery-1-1096\" data-srcset=\"https:\/\/xn--srvemaa-90a.ee\/wp-content\/uploads\/2018\/11\/1-IMG_0104-001-240x300.jpg 240w, https:\/\/xn--srvemaa-90a.ee\/wp-content\/uploads\/2018\/11\/1-IMG_0104-001-768x960.jpg 768w, https:\/\/xn--srvemaa-90a.ee\/wp-content\/uploads\/2018\/11\/1-IMG_0104-001-819x1024.jpg 819w, https:\/\/xn--srvemaa-90a.ee\/wp-content\/uploads\/2018\/11\/1-IMG_0104-001-400x500.jpg 400w, https:\/\/xn--srvemaa-90a.ee\/wp-content\/uploads\/2018\/11\/1-IMG_0104-001.jpg 834w\" data-sizes=\"(max-width: 240px) 100vw, 240px\" src=\"data:image\/gif;base64,R0lGODlhAQABAAAAACH5BAEKAAEALAAAAAABAAEAAAICTAEAOw==\" style=\"--smush-placeholder-width: 240px; --smush-placeholder-aspect-ratio: 240\/300;\" \/><\/a>\n\t\t\t<\/div>\n\t\t\t\t<figcaption class='wp-caption-text gallery-caption' id='gallery-1-1096'>\n\t\t\t\tTammeougu Auli\n\t\t\t\t<\/figcaption><\/figure><figure class='gallery-item'>\n\t\t\t<div class='gallery-icon portrait'>\n\t\t\t\t<a href='https:\/\/xn--srvemaa-90a.ee\/wp-content\/uploads\/2018\/11\/1-IMG_4395.jpg'><img decoding=\"async\" width=\"240\" height=\"300\" data-src=\"https:\/\/xn--srvemaa-90a.ee\/wp-content\/uploads\/2018\/11\/1-IMG_4395-240x300.jpg\" class=\"attachment-medium size-medium lazyload\" alt=\"\" aria-describedby=\"gallery-1-1101\" data-srcset=\"https:\/\/xn--srvemaa-90a.ee\/wp-content\/uploads\/2018\/11\/1-IMG_4395-240x300.jpg 240w, https:\/\/xn--srvemaa-90a.ee\/wp-content\/uploads\/2018\/11\/1-IMG_4395-768x960.jpg 768w, https:\/\/xn--srvemaa-90a.ee\/wp-content\/uploads\/2018\/11\/1-IMG_4395-819x1024.jpg 819w, https:\/\/xn--srvemaa-90a.ee\/wp-content\/uploads\/2018\/11\/1-IMG_4395-400x500.jpg 400w, https:\/\/xn--srvemaa-90a.ee\/wp-content\/uploads\/2018\/11\/1-IMG_4395.jpg 1146w\" data-sizes=\"(max-width: 240px) 100vw, 240px\" src=\"data:image\/gif;base64,R0lGODlhAQABAAAAACH5BAEKAAEALAAAAAABAAEAAAICTAEAOw==\" style=\"--smush-placeholder-width: 240px; --smush-placeholder-aspect-ratio: 240\/300;\" \/><\/a>\n\t\t\t<\/div>\n\t\t\t\t<figcaption class='wp-caption-text gallery-caption' id='gallery-1-1101'>\n\t\t\t\tJaagutooma Katre-Liis\n\t\t\t\t<\/figcaption><\/figure><figure class='gallery-item'>\n\t\t\t<div class='gallery-icon portrait'>\n\t\t\t\t<a href='https:\/\/xn--srvemaa-90a.ee\/wp-content\/uploads\/2018\/11\/IMG_1627.jpg'><img decoding=\"async\" width=\"240\" height=\"300\" data-src=\"https:\/\/xn--srvemaa-90a.ee\/wp-content\/uploads\/2018\/11\/IMG_1627-240x300.jpg\" class=\"attachment-medium size-medium lazyload\" alt=\"\" aria-describedby=\"gallery-1-1103\" data-srcset=\"https:\/\/xn--srvemaa-90a.ee\/wp-content\/uploads\/2018\/11\/IMG_1627-240x300.jpg 240w, https:\/\/xn--srvemaa-90a.ee\/wp-content\/uploads\/2018\/11\/IMG_1627-768x959.jpg 768w, https:\/\/xn--srvemaa-90a.ee\/wp-content\/uploads\/2018\/11\/IMG_1627-820x1024.jpg 820w, https:\/\/xn--srvemaa-90a.ee\/wp-content\/uploads\/2018\/11\/IMG_1627-1153x1440.jpg 1153w, https:\/\/xn--srvemaa-90a.ee\/wp-content\/uploads\/2018\/11\/IMG_1627-400x500.jpg 400w\" data-sizes=\"(max-width: 240px) 100vw, 240px\" src=\"data:image\/gif;base64,R0lGODlhAQABAAAAACH5BAEKAAEALAAAAAABAAEAAAICTAEAOw==\" style=\"--smush-placeholder-width: 240px; --smush-placeholder-aspect-ratio: 240\/300;\" \/><\/a>\n\t\t\t<\/div>\n\t\t\t\t<figcaption class='wp-caption-text gallery-caption' id='gallery-1-1103'>\n\t\t\t\tJaagutooma Mihkel\n\t\t\t\t<\/figcaption><\/figure>\n\t\t<\/div>\n\n<p>Noori inspireeris ja juhendas moefotograafia \u00f5pitoas fotograaf <a href=\"http:\/\/www.elinakostabi.com\/blog\/\" target=\"_blank\" rel=\"noopener noreferrer\">Elina Kostabi<\/a>.<\/p>\n<p>T\u00e4iskasvanud modellid-moekunstnikud: Timmi Helle, Vesikonna Katrina, Tammeougu Mari, Tammeniidi Anu ja Lepigu Merike.<\/p>\n<p>Rahvariided valmistasid Tammeougu Mari, Lepigu Merike, Tammeniidi Elve ja Timmi Helle.<\/p>\n<p>Tekstid vaatas l\u00e4bi Saaremaa rahvariiete spetsialist Mareli Rannap.<\/p>\n<p>V\u00f5rgulehe ehitasid \u00fcles: Jagutooma Merle ja Tammeniidi Margus.<\/p>\n<p>Tekstide keelekorrektuuri tegi Vesikonna Katrina.<\/p>\n<p>Tekstide koostaja, noorte juhendaja ja projekti eestvedaja: Tammeougu Mari.<\/p>\n<hr \/>\n<p>Projekti &#8220;Ansek\u00fcla naiste rahvariiete kandmistarkused k\u00e4eulatusse &#8211; eelt\u00f6\u00f6d&#8221; toetavad Rahvakultuuri Keskuse kultuuriprogramm <a href=\"http:\/\/www.rahvakultuur.ee\/Kultuuriprogramm_8222Saarte_par_2520\" target=\"_blank\" rel=\"noopener noreferrer\">&#8220;Saarte p\u00e4rimuslik kultuurikeskkond 2015-2019&#8221;<\/a> ja MT\u00dc S\u00f6rvemaa P\u00e4rimuse Selts.<\/p>\n<p>Ait\u00e4h k\u00f5igile vabatahtlikele abilistele!<\/p>\n<hr \/>\n","protected":false},"excerpt":{"rendered":"<p>Suvi 2018 &#8211; suvi 2019 Meie eesm\u00e4rk on Ansek\u00fcla rahvariiete kandmisoskuste parandamine ning kandmisjulguse suurendamine. Selleks valmistamea ette ja teeme k\u00f5igile huvilistele \u00fcle interneti k\u00e4ttesaadavaks kirjeldused ja fotod Ansek\u00fcla naiste rahvariiete korrektsest kandmisest. Kokku ilmub 14 artiklit koos fotode ja murdekeelse terminoloogiaga v\u00f5rgulehel s\u00f6rvemaa.ee ja igan\u00e4dalased fotopostitused meie seltsi Facebook\u2019i &hellip;<\/p>\n","protected":false},"author":3,"featured_media":903,"parent":1218,"menu_order":1,"comment_status":"closed","ping_status":"closed","template":"","meta":{"_acf_changed":false,"footnotes":""},"class_list":["post-1237","page","type-page","status-publish","has-post-thumbnail","hentry"],"acf":[],"aioseo_notices":[],"_links":{"self":[{"href":"https:\/\/xn--srvemaa-90a.ee\/index.php\/wp-json\/wp\/v2\/pages\/1237","targetHints":{"allow":["GET"]}}],"collection":[{"href":"https:\/\/xn--srvemaa-90a.ee\/index.php\/wp-json\/wp\/v2\/pages"}],"about":[{"href":"https:\/\/xn--srvemaa-90a.ee\/index.php\/wp-json\/wp\/v2\/types\/page"}],"author":[{"embeddable":true,"href":"https:\/\/xn--srvemaa-90a.ee\/index.php\/wp-json\/wp\/v2\/users\/3"}],"replies":[{"embeddable":true,"href":"https:\/\/xn--srvemaa-90a.ee\/index.php\/wp-json\/wp\/v2\/comments?post=1237"}],"version-history":[{"count":8,"href":"https:\/\/xn--srvemaa-90a.ee\/index.php\/wp-json\/wp\/v2\/pages\/1237\/revisions"}],"predecessor-version":[{"id":2077,"href":"https:\/\/xn--srvemaa-90a.ee\/index.php\/wp-json\/wp\/v2\/pages\/1237\/revisions\/2077"}],"up":[{"embeddable":true,"href":"https:\/\/xn--srvemaa-90a.ee\/index.php\/wp-json\/wp\/v2\/pages\/1218"}],"wp:featuredmedia":[{"embeddable":true,"href":"https:\/\/xn--srvemaa-90a.ee\/index.php\/wp-json\/wp\/v2\/media\/903"}],"wp:attachment":[{"href":"https:\/\/xn--srvemaa-90a.ee\/index.php\/wp-json\/wp\/v2\/media?parent=1237"}],"curies":[{"name":"wp","href":"https:\/\/api.w.org\/{rel}","templated":true}]}}